{"id":55951,"date":"2023-03-05T11:29:17","date_gmt":"2023-03-18T12:18:51","guid":{"rendered":"https:\/\/mestra.migracionesbgweb.com\/producto\/vibrateur-rectangulaire-teide-cima\/"},"modified":"2023-07-12T12:07:54","modified_gmt":"2023-07-12T10:07:54","slug":"vibrateur-rectangulaire-teide-cima","status":"publish","type":"product","link":"https:\/\/mestraold.lleset.com\/fr\/produit\/vibrateur-rectangulaire-teide-cima\/","title":{"rendered":"Vibrateur rectangulaire &#8211; teide cima"},"content":{"rendered":"<p>Num\u00e9rique.<\/p>\n<p>Permet de choisir entre 5 types diff\u00e9rents de vibration.<\/p>\n<p>Est dot\u00e9e d\u2019 une minuterie et d\u2019un variateur \u00e9lectronique de vibration.<\/p>\n<p>Admettent comme accessoire une bille de la coul\u00e9e des mod\u00e8les.<\/p>\n","protected":false},"excerpt":{"rendered":"<p>Num\u00e9rique. Permet de choisir entre 5 types diff\u00e9rents de vibration. Est dot\u00e9e d\u2019 une minuterie et d\u2019un variateur \u00e9lectronique de vibration. Admettent comme accessoire une bille de la coul\u00e9e des mod\u00e8les.<\/p>\n","protected":false},"featured_media":21587,"template":"","meta":[],"product_cat":[202,220],"product_tag":[],"class_list":["post-55951","product","type-product","status-publish","has-post-thumbnail","hentry","product_cat-laboratoire","product_cat-preparatin-de-modeles"],"acf":[],"df_price":269.69,"df_sale_price":269.69,"df_regular_price":490.34,"df_image_link":"https:\/\/mestraold.lleset.com\/wp-content\/uploads\/2021\/12\/Electro-vibrador-rectangular-TEIDE-CIMA-300x300.jpg","_links":{"self":[{"href":"https:\/\/mestraold.lleset.com\/fr\/wp-json\/wp\/v2\/product\/55951","targetHints":{"allow":["GET"]}}],"collection":[{"href":"https:\/\/mestraold.lleset.com\/fr\/wp-json\/wp\/v2\/product"}],"about":[{"href":"https:\/\/mestraold.lleset.com\/fr\/wp-json\/wp\/v2\/types\/product"}],"wp:featuredmedia":[{"embeddable":true,"href":"https:\/\/mestraold.lleset.com\/fr\/wp-json\/wp\/v2\/media\/21587"}],"wp:attachment":[{"href":"https:\/\/mestraold.lleset.com\/fr\/wp-json\/wp\/v2\/media?parent=55951"}],"wp:term":[{"taxonomy":"product_cat","embeddable":true,"href":"https:\/\/mestraold.lleset.com\/fr\/wp-json\/wp\/v2\/product_cat?post=55951"},{"taxonomy":"product_tag","embeddable":true,"href":"https:\/\/mestraold.lleset.com\/fr\/wp-json\/wp\/v2\/product_tag?post=55951"}],"curies":[{"name":"wp","href":"https:\/\/api.w.org\/{rel}","templated":true}]}}