{"id":55949,"date":"2023-03-05T11:29:17","date_gmt":"2023-03-18T12:18:51","guid":{"rendered":"https:\/\/mestra.migracionesbgweb.com\/producto\/vibrateur-rectangulaire-teide\/"},"modified":"2023-07-12T12:05:41","modified_gmt":"2023-07-12T10:05:41","slug":"vibrateur-rectangulaire-teide","status":"publish","type":"product","link":"https:\/\/mestraold.lleset.com\/fr\/produit\/vibrateur-rectangulaire-teide\/","title":{"rendered":"Vibrateur rectangulaire &#8211; teide"},"content":{"rendered":"<p>Analogique.<\/p>\n<p>Permet de r\u00e9gler la puissance.<\/p>\n<p>Admettent comme accessoire une bille de la coul\u00e9e des mod\u00e8les.<\/p>\n","protected":false},"excerpt":{"rendered":"<p>Analogique. Permet de r\u00e9gler la puissance. Admettent comme accessoire une bille de la coul\u00e9e des mod\u00e8les.<\/p>\n","protected":false},"featured_media":21558,"template":"","meta":[],"product_cat":[202,220],"product_tag":[],"class_list":["post-55949","product","type-product","status-publish","has-post-thumbnail","hentry","product_cat-laboratoire","product_cat-preparatin-de-modeles"],"acf":[],"df_price":263.6,"df_sale_price":263.6,"df_regular_price":479.27,"df_image_link":"https:\/\/mestraold.lleset.com\/wp-content\/uploads\/2021\/12\/Electro-vibrador-rectangular-TEIDE-300x300.jpg","_links":{"self":[{"href":"https:\/\/mestraold.lleset.com\/fr\/wp-json\/wp\/v2\/product\/55949","targetHints":{"allow":["GET"]}}],"collection":[{"href":"https:\/\/mestraold.lleset.com\/fr\/wp-json\/wp\/v2\/product"}],"about":[{"href":"https:\/\/mestraold.lleset.com\/fr\/wp-json\/wp\/v2\/types\/product"}],"wp:featuredmedia":[{"embeddable":true,"href":"https:\/\/mestraold.lleset.com\/fr\/wp-json\/wp\/v2\/media\/21558"}],"wp:attachment":[{"href":"https:\/\/mestraold.lleset.com\/fr\/wp-json\/wp\/v2\/media?parent=55949"}],"wp:term":[{"taxonomy":"product_cat","embeddable":true,"href":"https:\/\/mestraold.lleset.com\/fr\/wp-json\/wp\/v2\/product_cat?post=55949"},{"taxonomy":"product_tag","embeddable":true,"href":"https:\/\/mestraold.lleset.com\/fr\/wp-json\/wp\/v2\/product_tag?post=55949"}],"curies":[{"name":"wp","href":"https:\/\/api.w.org\/{rel}","templated":true}]}}