{"id":55948,"date":"2023-03-05T11:29:17","date_gmt":"2023-03-18T12:18:51","guid":{"rendered":"https:\/\/mestra.migracionesbgweb.com\/producto\/vibrateur-rectangulaire-2-frequences\/"},"modified":"2023-07-12T12:52:26","modified_gmt":"2023-07-12T10:52:26","slug":"vibrateur-rectangulaire-2-frequences","status":"publish","type":"product","link":"https:\/\/mestraold.lleset.com\/fr\/produit\/vibrateur-rectangulaire-2-frequences\/","title":{"rendered":"Vibrateur rectangulaire &#8211; 2 frequences"},"content":{"rendered":"<p>Robuste, fiable et \u00e9conomique.<\/p>\n<p>Il permet la r\u00e9gulation du niveau de puissance et du mode de vibration (2 fr\u00e9quences).<\/p>\n<p>La partie sup\u00e9rieure en caoutchouuc se d\u00e9monte facilement pour le nettoyage.<\/p>\n","protected":false},"excerpt":{"rendered":"<p>Robuste, fiable et \u00e9conomique. Il permet la r\u00e9gulation du niveau de puissance et du mode de vibration (2 fr\u00e9quences). La partie sup\u00e9rieure en caoutchouuc se d\u00e9monte facilement pour le nettoyage.<\/p>\n","protected":false},"featured_media":21541,"template":"","meta":[],"product_cat":[202,220],"product_tag":[],"class_list":["post-55948","product","type-product","status-publish","has-post-thumbnail","hentry","product_cat-laboratoire","product_cat-preparatin-de-modeles"],"acf":[],"df_price":308.52,"df_sale_price":"","df_regular_price":308.52,"df_image_link":"https:\/\/mestraold.lleset.com\/wp-content\/uploads\/2021\/12\/Electro-vibrador-rectangular-2-frecuencias-300x300.jpg","_links":{"self":[{"href":"https:\/\/mestraold.lleset.com\/fr\/wp-json\/wp\/v2\/product\/55948","targetHints":{"allow":["GET"]}}],"collection":[{"href":"https:\/\/mestraold.lleset.com\/fr\/wp-json\/wp\/v2\/product"}],"about":[{"href":"https:\/\/mestraold.lleset.com\/fr\/wp-json\/wp\/v2\/types\/product"}],"wp:featuredmedia":[{"embeddable":true,"href":"https:\/\/mestraold.lleset.com\/fr\/wp-json\/wp\/v2\/media\/21541"}],"wp:attachment":[{"href":"https:\/\/mestraold.lleset.com\/fr\/wp-json\/wp\/v2\/media?parent=55948"}],"wp:term":[{"taxonomy":"product_cat","embeddable":true,"href":"https:\/\/mestraold.lleset.com\/fr\/wp-json\/wp\/v2\/product_cat?post=55948"},{"taxonomy":"product_tag","embeddable":true,"href":"https:\/\/mestraold.lleset.com\/fr\/wp-json\/wp\/v2\/product_tag?post=55948"}],"curies":[{"name":"wp","href":"https:\/\/api.w.org\/{rel}","templated":true}]}}