{"id":55946,"date":"2023-03-05T11:29:17","date_gmt":"2023-03-18T12:18:51","guid":{"rendered":"https:\/\/mestra.migracionesbgweb.com\/producto\/vibrateur-grand-modele\/"},"modified":"2023-07-12T12:20:07","modified_gmt":"2023-07-12T10:20:07","slug":"vibrateur-grand-modele","status":"publish","type":"product","link":"https:\/\/mestraold.lleset.com\/fr\/produit\/vibrateur-grand-modele\/","title":{"rendered":"Vibrateur grand modele"},"content":{"rendered":"<p>Fabriqu\u00e9 en t\u00f4le d\u2019acier.<\/p>\n<p>Peinture plastifi\u00e9e (Epoxy).<\/p>\n<p>Avec interrupteur lumineux d\u2019arr\u00eat et de marche.<\/p>\n<p>Potentiom\u00e8tre r\u00e9gulateur de vibrations progressives \u2013 +.<\/p>\n<p>Appui sur ventouses adh\u00e9rentes.<\/p>\n<p>La plaque de travail est en caoutchouc sur corps m\u00e9tallique.<\/p>\n","protected":false},"excerpt":{"rendered":"<p>Fabriqu\u00e9 en t\u00f4le d\u2019acier. Peinture plastifi\u00e9e (Epoxy). Avec interrupteur lumineux d\u2019arr\u00eat et de marche. Potentiom\u00e8tre r\u00e9gulateur de vibrations progressives \u2013 +. Appui sur ventouses adh\u00e9rentes. La plaque de travail est en caoutchouc sur corps m\u00e9tallique.<\/p>\n","protected":false},"featured_media":21527,"template":"","meta":[],"product_cat":[202,220],"product_tag":[],"class_list":["post-55946","product","type-product","status-publish","has-post-thumbnail","hentry","product_cat-laboratoire","product_cat-preparatin-de-modeles"],"acf":[],"df_price":330.68,"df_sale_price":330.68,"df_regular_price":601.23,"df_image_link":"https:\/\/mestraold.lleset.com\/wp-content\/uploads\/2021\/12\/140-ELECTRO-VIBRADOR-GRANDE-300x300.jpg","_links":{"self":[{"href":"https:\/\/mestraold.lleset.com\/fr\/wp-json\/wp\/v2\/product\/55946","targetHints":{"allow":["GET"]}}],"collection":[{"href":"https:\/\/mestraold.lleset.com\/fr\/wp-json\/wp\/v2\/product"}],"about":[{"href":"https:\/\/mestraold.lleset.com\/fr\/wp-json\/wp\/v2\/types\/product"}],"wp:featuredmedia":[{"embeddable":true,"href":"https:\/\/mestraold.lleset.com\/fr\/wp-json\/wp\/v2\/media\/21527"}],"wp:attachment":[{"href":"https:\/\/mestraold.lleset.com\/fr\/wp-json\/wp\/v2\/media?parent=55946"}],"wp:term":[{"taxonomy":"product_cat","embeddable":true,"href":"https:\/\/mestraold.lleset.com\/fr\/wp-json\/wp\/v2\/product_cat?post=55946"},{"taxonomy":"product_tag","embeddable":true,"href":"https:\/\/mestraold.lleset.com\/fr\/wp-json\/wp\/v2\/product_tag?post=55946"}],"curies":[{"name":"wp","href":"https:\/\/api.w.org\/{rel}","templated":true}]}}