{"id":55942,"date":"2023-03-05T11:27:30","date_gmt":"2023-03-18T12:18:17","guid":{"rendered":"https:\/\/mestra.migracionesbgweb.com\/producto\/doseur-boomerang-precision-ii-support-reserv-complementaire-balance\/"},"modified":"2023-07-11T11:56:40","modified_gmt":"2023-07-11T09:56:40","slug":"doseur-boomerang-precision-ii-support-reserv-complementaire-balance","status":"publish","type":"product","link":"https:\/\/mestraold.lleset.com\/fr\/produit\/doseur-boomerang-precision-ii-support-reserv-complementaire-balance\/","title":{"rendered":"Doseur \u00ab\u00a0boomerang precision ii\u00a0\u00bb + support + reserv. Complementaire + balance"},"content":{"rendered":"<p>Le doseur eau-pl\u00e2tre R-080592 Boomerang Pr\u00e9cision II est la toute nouvelle version de la famille Boomerang d\u00e9j\u00e0 bien connue sur le march\u00e9.  <\/p>\n<p>Il suffit de pousser un bouton pour recevoir la dose eau- pl\u00e2tre pr\u00eate \u00e0 \u00eatre malax\u00e9e.  <\/p>\n<p>En plus de rapidit\u00e9 et de pr\u00e9cision on obtient \u00e9galement une \u00e9conomie substantielle de mati\u00e8re : Lorsqu\u2019on dose manuellement on a tendance \u00e0 augmenter la quantit\u00e9 de fa\u00e7on \u00e0 ne pas manquer de produit. Avec le doseur \u00e0 pl\u00e2tre Boomerang l\u2019on obtient toujours la dose exacte avec l\u2019\u00e9conomie que cela implique. Cette \u00e9conomie peut atteindre entre 25 et 40% de produit d\u2019apr\u00e8s notre propre exp\u00e9rience. Un avantage qui permet d\u2019amortir la machine en peu de temps.<\/p>\n<p>Boomerang pr\u00e9cision II est \u00e9quip\u00e9 d\u2019un software et d\u2019un display encore plus performants que les versions ant\u00e9rieures. Ils augmentent encore sa facilit\u00e9 d\u2019emploi, la pr\u00e9cision des dosages et guident l\u2019utilisateur par des messages simples.  <\/p>\n<p>Les rares syst\u00e8mes de doseurs pr\u00e9sents sur le march\u00e9 sont souvent co\u00fbteux, d\u00e9licats et difficiles \u00e0 manipuler.<\/p>\n<p>La conception du Boomerang Pr\u00e9cision II apporte confort de travail in\u00e9gal\u00e9 et contribue \u00e0 la propret\u00e9 de la salle \u00e0 pl\u00e2tre.<\/p>\n<p>D\u2019une esth\u00e9tique \u00e9l\u00e9gante, ce doseur peut m\u00e9moriser jusqu\u2019\u00e0 4 pl\u00e2tres diff\u00e9rents. Ill suffit de changer le r\u00e9servoir \u00e0 pl\u00e2tre, programmer les cycles, et appuyer sur un bouton.<\/p>\n<p><strong>APRES ESSAI: R\u00e9alisez une \u00e9conomie de 20% \u00e0 40% de pl\u00e2. <\/strong><\/p>\n<p>[vc_video link=\u00a0\u00bbhttps:\/\/youtu.be\/A53RHQocCwU\u00a0\u00bb]<\/p>\n","protected":false},"excerpt":{"rendered":"<p>Le doseur eau-pl\u00e2tre R-080592 Boomerang Pr\u00e9cision II est la toute nouvelle version de la famille Boomerang d\u00e9j\u00e0 bien connue sur le march\u00e9. Il suffit de pousser un bouton pour recevoir la dose eau- pl\u00e2tre pr\u00eate \u00e0 \u00eatre malax\u00e9e. En plus de rapidit\u00e9 et de pr\u00e9cision on obtient \u00e9galement une \u00e9conomie substantielle de mati\u00e8re : Lorsqu\u2019on [&hellip;]<\/p>\n","protected":false},"featured_media":21435,"template":"","meta":[],"product_cat":[202,220],"product_tag":[],"class_list":["post-55942","product","type-product","status-publish","has-post-thumbnail","hentry","product_cat-laboratoire","product_cat-preparatin-de-modeles"],"acf":[],"df_price":819.1,"df_sale_price":819.1,"df_regular_price":1489.27,"df_image_link":"https:\/\/mestraold.lleset.com\/wp-content\/uploads\/2021\/12\/Dosificadora-de-agua-escayola-Boomerang-Precision-II-300x300.jpg","_links":{"self":[{"href":"https:\/\/mestraold.lleset.com\/fr\/wp-json\/wp\/v2\/product\/55942","targetHints":{"allow":["GET"]}}],"collection":[{"href":"https:\/\/mestraold.lleset.com\/fr\/wp-json\/wp\/v2\/product"}],"about":[{"href":"https:\/\/mestraold.lleset.com\/fr\/wp-json\/wp\/v2\/types\/product"}],"wp:featuredmedia":[{"embeddable":true,"href":"https:\/\/mestraold.lleset.com\/fr\/wp-json\/wp\/v2\/media\/21435"}],"wp:attachment":[{"href":"https:\/\/mestraold.lleset.com\/fr\/wp-json\/wp\/v2\/media?parent=55942"}],"wp:term":[{"taxonomy":"product_cat","embeddable":true,"href":"https:\/\/mestraold.lleset.com\/fr\/wp-json\/wp\/v2\/product_cat?post=55942"},{"taxonomy":"product_tag","embeddable":true,"href":"https:\/\/mestraold.lleset.com\/fr\/wp-json\/wp\/v2\/product_tag?post=55942"}],"curies":[{"name":"wp","href":"https:\/\/api.w.org\/{rel}","templated":true}]}}