{"id":55941,"date":"2023-03-05T11:27:30","date_gmt":"2023-03-18T12:18:17","guid":{"rendered":"https:\/\/mestra.migracionesbgweb.com\/producto\/scie-a-dies\/"},"modified":"2023-07-03T20:41:40","modified_gmt":"2023-07-03T18:41:40","slug":"scie-a-dies","status":"publish","type":"product","link":"https:\/\/mestraold.lleset.com\/fr\/produit\/scie-a-dies\/","title":{"rendered":"Scie a dies"},"content":{"rendered":"<p>Cet outil est id\u00e9al pour travailler avec la technique d&rsquo;individualisation<\/p>\n<p>Sa lame de diamant, d&rsquo;une \u00e9paisseur de seulement 0,3 mm, permet une d\u00e9coupe pr\u00e9cise d&rsquo;un mod\u00e8le en pl\u00e2tre et sa s\u00e9paration en moignons. La pr\u00e9cision est totale, ce qui garantit que les op\u00e9rations ult\u00e9rieures d&rsquo;individualisation ne poseront aucun probl\u00e8me d&rsquo;ajustement.<\/p>\n<p>Un accent particulier a \u00e9t\u00e9 mis sur la s\u00e9curit\u00e9 de cette machine : le disque est prot\u00e9g\u00e9 en permanence par un couvercle, le syst\u00e8me de fixation de la base porte-mod\u00e8les a une grande puissance de prise sur la table, le moteur est \u00e9quip\u00e9 de deux boutons de d\u00e9marrage qui n\u00e9cessitent l&rsquo;utilisation des deux mains pour \u00eatre mis en marche, &#8230; Toutes ces mesures rendent pratiquement impossible un accident, \u00e0 condition que la machine soit utilis\u00e9e en respectant les dimensions de s\u00e9curit\u00e9 pr\u00e9vues.<\/p>\n<p>De plus, ses dimensions sont r\u00e9duites et la table est tr\u00e8s pratique \u00e0 utiliser, permettant toutes sortes de rotations et d&rsquo;angles pour placer la coupe \u00e0 l&rsquo;endroit id\u00e9al.<\/p>\n<p>La ligne de design est \u00e9galement agr\u00e9able et le prix tr\u00e8s attractif.<\/p>\n","protected":false},"excerpt":{"rendered":"<p>Cet outil est id\u00e9al pour travailler avec la technique d&rsquo;individualisation Sa lame de diamant, d&rsquo;une \u00e9paisseur de seulement 0,3 mm, permet une d\u00e9coupe pr\u00e9cise d&rsquo;un mod\u00e8le en pl\u00e2tre et sa s\u00e9paration en moignons. La pr\u00e9cision est totale, ce qui garantit que les op\u00e9rations ult\u00e9rieures d&rsquo;individualisation ne poseront aucun probl\u00e8me d&rsquo;ajustement. Un accent particulier a \u00e9t\u00e9 [&hellip;]<\/p>\n","protected":false},"featured_media":21421,"template":"","meta":[],"product_cat":[202],"product_tag":[],"class_list":["post-55941","product","type-product","status-publish","has-post-thumbnail","hentry","product_cat-laboratoire"],"acf":[],"df_price":685.64,"df_sale_price":685.64,"df_regular_price":1246.62,"df_image_link":"https:\/\/mestraold.lleset.com\/wp-content\/uploads\/2021\/12\/Cortadora-de-munones-300x300.jpg","_links":{"self":[{"href":"https:\/\/mestraold.lleset.com\/fr\/wp-json\/wp\/v2\/product\/55941","targetHints":{"allow":["GET"]}}],"collection":[{"href":"https:\/\/mestraold.lleset.com\/fr\/wp-json\/wp\/v2\/product"}],"about":[{"href":"https:\/\/mestraold.lleset.com\/fr\/wp-json\/wp\/v2\/types\/product"}],"wp:featuredmedia":[{"embeddable":true,"href":"https:\/\/mestraold.lleset.com\/fr\/wp-json\/wp\/v2\/media\/21421"}],"wp:attachment":[{"href":"https:\/\/mestraold.lleset.com\/fr\/wp-json\/wp\/v2\/media?parent=55941"}],"wp:term":[{"taxonomy":"product_cat","embeddable":true,"href":"https:\/\/mestraold.lleset.com\/fr\/wp-json\/wp\/v2\/product_cat?post=55941"},{"taxonomy":"product_tag","embeddable":true,"href":"https:\/\/mestraold.lleset.com\/fr\/wp-json\/wp\/v2\/product_tag?post=55941"}],"curies":[{"name":"wp","href":"https:\/\/api.w.org\/{rel}","templated":true}]}}