{"id":55940,"date":"2023-03-05T11:27:30","date_gmt":"2023-03-18T12:18:17","guid":{"rendered":"https:\/\/mestra.migracionesbgweb.com\/producto\/bi-v-pin-13-mm-court-avec-gaine-et-bouchon-caoutchouc-1000-u\/"},"modified":"2023-07-03T09:28:43","modified_gmt":"2023-07-03T07:28:43","slug":"bi-v-pin-13-mm-court-avec-gaine-et-bouchon-caoutchouc-1000-u","status":"publish","type":"product","link":"https:\/\/mestraold.lleset.com\/fr\/produit\/bi-v-pin-13-mm-court-avec-gaine-et-bouchon-caoutchouc-1000-u\/","title":{"rendered":"Bi-v-pin 13 mm (court) avec gaine et bouchon caoutchouc (1000 u.)"},"content":{"rendered":"<p>Nickel\u00e9s et de grande pr\u00e9cision.<\/p>\n<p>Le mod\u00e8le BI-PIN a un excellent ajustement avec la chemise, ce qui garantit une r\u00e9tention ferme.<\/p>\n<p>La fixation avec la base est parfaite, \u00e9vitant la rotation.<\/p>\n","protected":false},"excerpt":{"rendered":"<p>Nickel\u00e9s et de grande pr\u00e9cision. Le mod\u00e8le BI-PIN a un excellent ajustement avec la chemise, ce qui garantit une r\u00e9tention ferme. La fixation avec la base est parfaite, \u00e9vitant la rotation.<\/p>\n","protected":false},"featured_media":21412,"template":"","meta":[],"product_cat":[202],"product_tag":[],"class_list":["post-55940","product","type-product","status-publish","has-post-thumbnail","hentry","product_cat-laboratoire"],"acf":[],"df_price":163.02,"df_sale_price":"","df_regular_price":163.02,"df_image_link":"https:\/\/mestraold.lleset.com\/wp-content\/uploads\/2021\/12\/B-V-PIN-Corto-300x300.jpg","_links":{"self":[{"href":"https:\/\/mestraold.lleset.com\/fr\/wp-json\/wp\/v2\/product\/55940","targetHints":{"allow":["GET"]}}],"collection":[{"href":"https:\/\/mestraold.lleset.com\/fr\/wp-json\/wp\/v2\/product"}],"about":[{"href":"https:\/\/mestraold.lleset.com\/fr\/wp-json\/wp\/v2\/types\/product"}],"wp:featuredmedia":[{"embeddable":true,"href":"https:\/\/mestraold.lleset.com\/fr\/wp-json\/wp\/v2\/media\/21412"}],"wp:attachment":[{"href":"https:\/\/mestraold.lleset.com\/fr\/wp-json\/wp\/v2\/media?parent=55940"}],"wp:term":[{"taxonomy":"product_cat","embeddable":true,"href":"https:\/\/mestraold.lleset.com\/fr\/wp-json\/wp\/v2\/product_cat?post=55940"},{"taxonomy":"product_tag","embeddable":true,"href":"https:\/\/mestraold.lleset.com\/fr\/wp-json\/wp\/v2\/product_tag?post=55940"}],"curies":[{"name":"wp","href":"https:\/\/api.w.org\/{rel}","templated":true}]}}