{"id":55939,"date":"2023-03-05T11:27:30","date_gmt":"2023-03-18T12:18:17","guid":{"rendered":"https:\/\/mestra.migracionesbgweb.com\/producto\/bi-v-pin-15-mm-avec-gaine-plastique-et-bouchon-caoutchouc-1000-u\/"},"modified":"2023-07-03T09:28:34","modified_gmt":"2023-07-03T07:28:34","slug":"bi-v-pin-15-mm-avec-gaine-plastique-et-bouchon-caoutchouc-1000-u","status":"publish","type":"product","link":"https:\/\/mestraold.lleset.com\/fr\/produit\/bi-v-pin-15-mm-avec-gaine-plastique-et-bouchon-caoutchouc-1000-u\/","title":{"rendered":"Bi-v-pin 15 mm avec gaine plastique et bouchon caoutchouc (1000 u.)"},"content":{"rendered":"<p>Similar au Bi-Pin conventionnel, mais avec une chemise en plastique.<\/p>\n<p>Le syst\u00e8me d&rsquo;ajustement broche-manchon est tr\u00e8s pr\u00e9cis, tout comme la prise du manchon sur le mod\u00e8le en pl\u00e2tre. La pr\u00e9cision d&rsquo;ajustement est optimale.<\/p>\n<p>D&rsquo;autre part, la friction entre la chemise et la broche est id\u00e9ale pour les op\u00e9rations de montage et de d\u00e9montage.<\/p>\n","protected":false},"excerpt":{"rendered":"<p>Similar au Bi-Pin conventionnel, mais avec une chemise en plastique. Le syst\u00e8me d&rsquo;ajustement broche-manchon est tr\u00e8s pr\u00e9cis, tout comme la prise du manchon sur le mod\u00e8le en pl\u00e2tre. La pr\u00e9cision d&rsquo;ajustement est optimale. D&rsquo;autre part, la friction entre la chemise et la broche est id\u00e9ale pour les op\u00e9rations de montage et de d\u00e9montage.<\/p>\n","protected":false},"featured_media":21403,"template":"","meta":[],"product_cat":[202],"product_tag":[],"class_list":["post-55939","product","type-product","status-publish","has-post-thumbnail","hentry","product_cat-laboratoire"],"acf":[],"df_price":145.88,"df_sale_price":"","df_regular_price":145.88,"df_image_link":"https:\/\/mestraold.lleset.com\/wp-content\/uploads\/2021\/12\/BI-V-PIN-con-camisa-de-plastico-300x296.jpg","_links":{"self":[{"href":"https:\/\/mestraold.lleset.com\/fr\/wp-json\/wp\/v2\/product\/55939","targetHints":{"allow":["GET"]}}],"collection":[{"href":"https:\/\/mestraold.lleset.com\/fr\/wp-json\/wp\/v2\/product"}],"about":[{"href":"https:\/\/mestraold.lleset.com\/fr\/wp-json\/wp\/v2\/types\/product"}],"wp:featuredmedia":[{"embeddable":true,"href":"https:\/\/mestraold.lleset.com\/fr\/wp-json\/wp\/v2\/media\/21403"}],"wp:attachment":[{"href":"https:\/\/mestraold.lleset.com\/fr\/wp-json\/wp\/v2\/media?parent=55939"}],"wp:term":[{"taxonomy":"product_cat","embeddable":true,"href":"https:\/\/mestraold.lleset.com\/fr\/wp-json\/wp\/v2\/product_cat?post=55939"},{"taxonomy":"product_tag","embeddable":true,"href":"https:\/\/mestraold.lleset.com\/fr\/wp-json\/wp\/v2\/product_tag?post=55939"}],"curies":[{"name":"wp","href":"https:\/\/api.w.org\/{rel}","templated":true}]}}