{"id":55937,"date":"2023-03-05T11:27:30","date_gmt":"2023-03-18T12:18:17","guid":{"rendered":"https:\/\/mestra.migracionesbgweb.com\/producto\/bruleur-a-gaz\/"},"modified":"2023-07-03T10:44:37","modified_gmt":"2023-07-03T08:44:37","slug":"bruleur-a-gaz","status":"publish","type":"product","link":"https:\/\/mestraold.lleset.com\/fr\/produit\/bruleur-a-gaz\/","title":{"rendered":"Br\u00fbleur a gaz"},"content":{"rendered":"<p>Tr\u00e8s pratique et facile \u00e0 manipuler.<\/p>\n<p>Il dispose d&rsquo;une t\u00eate de pulv\u00e9risation avec une temp\u00e9rature de flamme de 1300 \u00baC et d&rsquo;une autonomie d&rsquo;environ 2 heures avec le r\u00e9servoir plein<\/p>\n<p>L&rsquo;allumage est effectu\u00e9 par un dispositif pi\u00e9zo\u00e9lectrique automatique et la flamme peut \u00eatre r\u00e9gl\u00e9e.<\/p>\n<p>&nbsp;<\/p>\n","protected":false},"excerpt":{"rendered":"<p>Tr\u00e8s pratique et facile \u00e0 manipuler. Il dispose d&rsquo;une t\u00eate de pulv\u00e9risation avec une temp\u00e9rature de flamme de 1300 \u00baC et d&rsquo;une autonomie d&rsquo;environ 2 heures avec le r\u00e9servoir plein L&rsquo;allumage est effectu\u00e9 par un dispositif pi\u00e9zo\u00e9lectrique automatique et la flamme peut \u00eatre r\u00e9gl\u00e9e. &nbsp;<\/p>\n","protected":false},"featured_media":21306,"template":"","meta":[],"product_cat":[202,223],"product_tag":[],"class_list":["post-55937","product","type-product","status-publish","has-post-thumbnail","hentry","product_cat-laboratoire","product_cat-travail-de-la-cire"],"acf":[],"df_price":73.25,"df_sale_price":"","df_regular_price":73.25,"df_image_link":"https:\/\/mestraold.lleset.com\/wp-content\/uploads\/2021\/12\/Quemador-de-gas-300x300.jpg","_links":{"self":[{"href":"https:\/\/mestraold.lleset.com\/fr\/wp-json\/wp\/v2\/product\/55937","targetHints":{"allow":["GET"]}}],"collection":[{"href":"https:\/\/mestraold.lleset.com\/fr\/wp-json\/wp\/v2\/product"}],"about":[{"href":"https:\/\/mestraold.lleset.com\/fr\/wp-json\/wp\/v2\/types\/product"}],"wp:featuredmedia":[{"embeddable":true,"href":"https:\/\/mestraold.lleset.com\/fr\/wp-json\/wp\/v2\/media\/21306"}],"wp:attachment":[{"href":"https:\/\/mestraold.lleset.com\/fr\/wp-json\/wp\/v2\/media?parent=55937"}],"wp:term":[{"taxonomy":"product_cat","embeddable":true,"href":"https:\/\/mestraold.lleset.com\/fr\/wp-json\/wp\/v2\/product_cat?post=55937"},{"taxonomy":"product_tag","embeddable":true,"href":"https:\/\/mestraold.lleset.com\/fr\/wp-json\/wp\/v2\/product_tag?post=55937"}],"curies":[{"name":"wp","href":"https:\/\/api.w.org\/{rel}","templated":true}]}}