{"id":55935,"date":"2023-03-05T11:25:45","date_gmt":"2023-03-18T12:17:47","guid":{"rendered":"https:\/\/mestra.migracionesbgweb.com\/producto\/spatule-electronique-de-modelage-de-la-cire\/"},"modified":"2023-07-17T12:25:41","modified_gmt":"2023-07-17T10:25:41","slug":"spatule-electronique-de-modelage-de-la-cire","status":"publish","type":"product","link":"https:\/\/mestraold.lleset.com\/fr\/produit\/spatule-electronique-de-modelage-de-la-cire\/","title":{"rendered":"Spatule electronique de modelage de la cire"},"content":{"rendered":"<p>Appareil con\u00e7u pour le laboratoire de proth\u00e8ses dentaires.<\/p>\n<p>Son ergonomie, sa facilit\u00e9 d\u2019emploi et ses dimensions r\u00e9duites en font un \u00e9l\u00e9ment id\u00e9al pour le modelage de la cire.<\/p>\n<p>La pr\u00e9cision du contr\u00f4le \u00e9lectronique maintient la pointe de la spatule \u00e0 la temp\u00e9rature voulue avec tr\u00e8s peu de marge de variation.<\/p>\n<p>La temp\u00e9rature est lisible sur le display situ\u00e9 dans la boite de contr\u00f4le.<\/p>\n","protected":false},"excerpt":{"rendered":"<p>Appareil con\u00e7u pour le laboratoire de proth\u00e8ses dentaires. Son ergonomie, sa facilit\u00e9 d\u2019emploi et ses dimensions r\u00e9duites en font un \u00e9l\u00e9ment id\u00e9al pour le modelage de la cire. La pr\u00e9cision du contr\u00f4le \u00e9lectronique maintient la pointe de la spatule \u00e0 la temp\u00e9rature voulue avec tr\u00e8s peu de marge de variation. La temp\u00e9rature est lisible sur [&hellip;]<\/p>\n","protected":false},"featured_media":21292,"template":"","meta":[],"product_cat":[202,223],"product_tag":[],"class_list":["post-55935","product","type-product","status-publish","has-post-thumbnail","hentry","product_cat-laboratoire","product_cat-travail-de-la-cire"],"acf":[],"df_price":120.82,"df_sale_price":120.82,"df_regular_price":276.77,"df_image_link":"https:\/\/mestraold.lleset.com\/wp-content\/uploads\/2021\/12\/Espatula-electronica-para-modelar-cera-300x215.jpg","_links":{"self":[{"href":"https:\/\/mestraold.lleset.com\/fr\/wp-json\/wp\/v2\/product\/55935","targetHints":{"allow":["GET"]}}],"collection":[{"href":"https:\/\/mestraold.lleset.com\/fr\/wp-json\/wp\/v2\/product"}],"about":[{"href":"https:\/\/mestraold.lleset.com\/fr\/wp-json\/wp\/v2\/types\/product"}],"wp:featuredmedia":[{"embeddable":true,"href":"https:\/\/mestraold.lleset.com\/fr\/wp-json\/wp\/v2\/media\/21292"}],"wp:attachment":[{"href":"https:\/\/mestraold.lleset.com\/fr\/wp-json\/wp\/v2\/media?parent=55935"}],"wp:term":[{"taxonomy":"product_cat","embeddable":true,"href":"https:\/\/mestraold.lleset.com\/fr\/wp-json\/wp\/v2\/product_cat?post=55935"},{"taxonomy":"product_tag","embeddable":true,"href":"https:\/\/mestraold.lleset.com\/fr\/wp-json\/wp\/v2\/product_tag?post=55935"}],"curies":[{"name":"wp","href":"https:\/\/api.w.org\/{rel}","templated":true}]}}