{"id":55934,"date":"2023-03-05T11:25:45","date_gmt":"2023-03-18T12:17:47","guid":{"rendered":"https:\/\/mestra.migracionesbgweb.com\/producto\/rechauffeur-de-cire-par-immersion-numerique-3-recipients\/"},"modified":"2023-07-12T15:52:59","modified_gmt":"2023-07-12T13:52:59","slug":"rechauffeur-de-cire-par-immersion-numerique-3-recipients","status":"publish","type":"product","link":"https:\/\/mestraold.lleset.com\/fr\/produit\/rechauffeur-de-cire-par-immersion-numerique-3-recipients\/","title":{"rendered":"Rechauffeur de cire par immersion &#8211; numerique (3 recipients)"},"content":{"rendered":"<p>Il est simiaire au r\u00e9chauffeur \u00e0 immersion R-100125, mais il est dot\u00e9 de trois r\u00e9cipients pour pouvoir r\u00e9chauffer trois types de cire; r\u00e9plage ind\u00e9pendant dela temp\u00e9rature dans chaque bac.<\/p>\n<p>Le display affiche \u00e0 tout moment la temp\u00e9rature r\u00e9elle et la temp\u00e9rature de consigne de chanque bac.<\/p>\n","protected":false},"excerpt":{"rendered":"<p>Il est simiaire au r\u00e9chauffeur \u00e0 immersion R-100125, mais il est dot\u00e9 de trois r\u00e9cipients pour pouvoir r\u00e9chauffer trois types de cire; r\u00e9plage ind\u00e9pendant dela temp\u00e9rature dans chaque bac. Le display affiche \u00e0 tout moment la temp\u00e9rature r\u00e9elle et la temp\u00e9rature de consigne de chanque bac.<\/p>\n","protected":false},"featured_media":21283,"template":"","meta":[],"product_cat":[202,223],"product_tag":[],"class_list":["post-55934","product","type-product","status-publish","has-post-thumbnail","hentry","product_cat-laboratoire","product_cat-travail-de-la-cire"],"acf":[],"df_price":170.05,"df_sale_price":170.05,"df_regular_price":336.63,"df_image_link":"https:\/\/mestraold.lleset.com\/wp-content\/uploads\/2021\/12\/Calentador-de-cera-para-inmersion-digital-3-recipientes-300x225.jpg","_links":{"self":[{"href":"https:\/\/mestraold.lleset.com\/fr\/wp-json\/wp\/v2\/product\/55934","targetHints":{"allow":["GET"]}}],"collection":[{"href":"https:\/\/mestraold.lleset.com\/fr\/wp-json\/wp\/v2\/product"}],"about":[{"href":"https:\/\/mestraold.lleset.com\/fr\/wp-json\/wp\/v2\/types\/product"}],"wp:featuredmedia":[{"embeddable":true,"href":"https:\/\/mestraold.lleset.com\/fr\/wp-json\/wp\/v2\/media\/21283"}],"wp:attachment":[{"href":"https:\/\/mestraold.lleset.com\/fr\/wp-json\/wp\/v2\/media?parent=55934"}],"wp:term":[{"taxonomy":"product_cat","embeddable":true,"href":"https:\/\/mestraold.lleset.com\/fr\/wp-json\/wp\/v2\/product_cat?post=55934"},{"taxonomy":"product_tag","embeddable":true,"href":"https:\/\/mestraold.lleset.com\/fr\/wp-json\/wp\/v2\/product_tag?post=55934"}],"curies":[{"name":"wp","href":"https:\/\/api.w.org\/{rel}","templated":true}]}}