{"id":55933,"date":"2023-03-05T11:25:45","date_gmt":"2023-03-18T12:17:47","guid":{"rendered":"https:\/\/mestra.migracionesbgweb.com\/producto\/rechauffeur-de-cire-par-immersion-numerique-1-recipient\/"},"modified":"2023-07-03T20:46:43","modified_gmt":"2023-07-03T18:46:43","slug":"rechauffeur-de-cire-par-immersion-numerique-1-recipient","status":"publish","type":"product","link":"https:\/\/mestraold.lleset.com\/fr\/produit\/rechauffeur-de-cire-par-immersion-numerique-1-recipient\/","title":{"rendered":"Rechauffeur de cire par immersion &#8211; numerique (1 recipient)"},"content":{"rendered":"<p>Con\u00e7u pour travailler avec la plupart des cires dentaires du march\u00e9, ce r\u00e9chauffeur de cire peut fondre la cire en quelques minutes et la maintenir \u00e0 la temp\u00e9rature d\u00e9sir\u00e9e avec une marge de variation tr\u00e8s \u00e9troite.<\/p>\n<p>Ceci garantit des propri\u00e9t\u00e9s physiques stables et donc une grande pr\u00e9cision dans les travaux de modelage.  <\/p>\n<p>Le display \u00e9lectronique se lit ais\u00e9ment. On peut v\u00e9rifier la temp\u00e9rature programm\u00e9e et la temp\u00e9rature r\u00e9elle. Le contr\u00f4le poss\u00e8de une m\u00e9moire interne ce qui lui permet de garder les param\u00e8tres du cycle ant\u00e9rieur.<\/p>\n<p>Lorsque la temp\u00e9rature de consigne est atteinte un led s\u2019allume. <\/p>\n<p>La r\u00e9gulation peut se faire en degr\u00e9s Fahrenheit ou en degr\u00e9s Celsius.<\/p>\n","protected":false},"excerpt":{"rendered":"<p>Con\u00e7u pour travailler avec la plupart des cires dentaires du march\u00e9, ce r\u00e9chauffeur de cire peut fondre la cire en quelques minutes et la maintenir \u00e0 la temp\u00e9rature d\u00e9sir\u00e9e avec une marge de variation tr\u00e8s \u00e9troite. Ceci garantit des propri\u00e9t\u00e9s physiques stables et donc une grande pr\u00e9cision dans les travaux de modelage. Le display \u00e9lectronique [&hellip;]<\/p>\n","protected":false},"featured_media":21274,"template":"","meta":[],"product_cat":[202,223],"product_tag":[],"class_list":["post-55933","product","type-product","status-publish","has-post-thumbnail","hentry","product_cat-laboratoire","product_cat-travail-de-la-cire"],"acf":[],"df_price":100.69,"df_sale_price":100.69,"df_regular_price":224.4,"df_image_link":"https:\/\/mestraold.lleset.com\/wp-content\/uploads\/2021\/12\/Calentador-de-cera-para-inmersion-digital-1-recipiente-300x300.jpg","_links":{"self":[{"href":"https:\/\/mestraold.lleset.com\/fr\/wp-json\/wp\/v2\/product\/55933","targetHints":{"allow":["GET"]}}],"collection":[{"href":"https:\/\/mestraold.lleset.com\/fr\/wp-json\/wp\/v2\/product"}],"about":[{"href":"https:\/\/mestraold.lleset.com\/fr\/wp-json\/wp\/v2\/types\/product"}],"wp:featuredmedia":[{"embeddable":true,"href":"https:\/\/mestraold.lleset.com\/fr\/wp-json\/wp\/v2\/media\/21274"}],"wp:attachment":[{"href":"https:\/\/mestraold.lleset.com\/fr\/wp-json\/wp\/v2\/media?parent=55933"}],"wp:term":[{"taxonomy":"product_cat","embeddable":true,"href":"https:\/\/mestraold.lleset.com\/fr\/wp-json\/wp\/v2\/product_cat?post=55933"},{"taxonomy":"product_tag","embeddable":true,"href":"https:\/\/mestraold.lleset.com\/fr\/wp-json\/wp\/v2\/product_tag?post=55933"}],"curies":[{"name":"wp","href":"https:\/\/api.w.org\/{rel}","templated":true}]}}