{"id":55927,"date":"2023-03-05T11:25:45","date_gmt":"2023-03-18T12:17:47","guid":{"rendered":"https:\/\/mestra.migracionesbgweb.com\/producto\/meuble-pour-fronde-a-induction-vestacast-acier-inox\/"},"modified":"2023-07-03T08:08:04","modified_gmt":"2023-07-03T06:08:04","slug":"meuble-pour-fronde-a-induction-vestacast-acier-inox","status":"publish","type":"product","link":"https:\/\/mestraold.lleset.com\/fr\/produit\/meuble-pour-fronde-a-induction-vestacast-acier-inox\/","title":{"rendered":"Meuble pour fronde a induction vestacast (acier inox)"},"content":{"rendered":"<p>Pour placer la machine afin qu\u2019elle occupe le moins d\u2019espace possible et pour avoir la meilleure hauteur d\u2019utilisation, une int\u00e9resante base en acier inoxydable est offerte comme accessoire.<\/p>\n<p>Le meuble est \u00e9quipe de plateaux, tr\u00e8s pratiques pour poser les accessoires: Cylindres, pinces, etc.<\/p>\n","protected":false},"excerpt":{"rendered":"<p>Pour placer la machine afin qu\u2019elle occupe le moins d\u2019espace possible et pour avoir la meilleure hauteur d\u2019utilisation, une int\u00e9resante base en acier inoxydable est offerte comme accessoire. Le meuble est \u00e9quipe de plateaux, tr\u00e8s pratiques pour poser les accessoires: Cylindres, pinces, etc.<\/p>\n","protected":false},"featured_media":21208,"template":"","meta":[],"product_cat":[202],"product_tag":[],"class_list":["post-55927","product","type-product","status-publish","has-post-thumbnail","hentry","product_cat-laboratoire"],"acf":[],"df_price":857.26,"df_sale_price":"","df_regular_price":857.26,"df_image_link":"https:\/\/mestraold.lleset.com\/wp-content\/uploads\/2021\/12\/Mueble-para-centrifuga-Vestacast-300x300.jpg","_links":{"self":[{"href":"https:\/\/mestraold.lleset.com\/fr\/wp-json\/wp\/v2\/product\/55927","targetHints":{"allow":["GET"]}}],"collection":[{"href":"https:\/\/mestraold.lleset.com\/fr\/wp-json\/wp\/v2\/product"}],"about":[{"href":"https:\/\/mestraold.lleset.com\/fr\/wp-json\/wp\/v2\/types\/product"}],"wp:featuredmedia":[{"embeddable":true,"href":"https:\/\/mestraold.lleset.com\/fr\/wp-json\/wp\/v2\/media\/21208"}],"wp:attachment":[{"href":"https:\/\/mestraold.lleset.com\/fr\/wp-json\/wp\/v2\/media?parent=55927"}],"wp:term":[{"taxonomy":"product_cat","embeddable":true,"href":"https:\/\/mestraold.lleset.com\/fr\/wp-json\/wp\/v2\/product_cat?post=55927"},{"taxonomy":"product_tag","embeddable":true,"href":"https:\/\/mestraold.lleset.com\/fr\/wp-json\/wp\/v2\/product_tag?post=55927"}],"curies":[{"name":"wp","href":"https:\/\/api.w.org\/{rel}","templated":true}]}}