{"id":55926,"date":"2023-03-05T11:25:45","date_gmt":"2023-03-18T12:17:47","guid":{"rendered":"https:\/\/mestra.migracionesbgweb.com\/producto\/meuble-pour-cen-motor-sm2-inox\/"},"modified":"2023-07-03T08:08:31","modified_gmt":"2023-07-03T06:08:31","slug":"meuble-pour-cen-motor-sm2-inox","status":"publish","type":"product","link":"https:\/\/mestraold.lleset.com\/fr\/produit\/meuble-pour-cen-motor-sm2-inox\/","title":{"rendered":"Meuble pour cen-motor sm2 (inox)"},"content":{"rendered":"<p>Construit enti\u00e8rement en acier inoxydable.<\/p>\n<p>3 \u00e9tag\u00e8res \u00e0 20 cm. d`intervalle.<\/p>\n","protected":false},"excerpt":{"rendered":"<p>Construit enti\u00e8rement en acier inoxydable. 3 \u00e9tag\u00e8res \u00e0 20 cm. d`intervalle.<\/p>\n","protected":false},"featured_media":21199,"template":"","meta":[],"product_cat":[202],"product_tag":[],"class_list":["post-55926","product","type-product","status-publish","has-post-thumbnail","hentry","product_cat-laboratoire"],"acf":[],"df_price":861.24,"df_sale_price":"","df_regular_price":861.24,"df_image_link":"https:\/\/mestraold.lleset.com\/wp-content\/uploads\/2021\/12\/Mueble-para-centrifuga-SM-2-300x300.jpg","_links":{"self":[{"href":"https:\/\/mestraold.lleset.com\/fr\/wp-json\/wp\/v2\/product\/55926","targetHints":{"allow":["GET"]}}],"collection":[{"href":"https:\/\/mestraold.lleset.com\/fr\/wp-json\/wp\/v2\/product"}],"about":[{"href":"https:\/\/mestraold.lleset.com\/fr\/wp-json\/wp\/v2\/types\/product"}],"wp:featuredmedia":[{"embeddable":true,"href":"https:\/\/mestraold.lleset.com\/fr\/wp-json\/wp\/v2\/media\/21199"}],"wp:attachment":[{"href":"https:\/\/mestraold.lleset.com\/fr\/wp-json\/wp\/v2\/media?parent=55926"}],"wp:term":[{"taxonomy":"product_cat","embeddable":true,"href":"https:\/\/mestraold.lleset.com\/fr\/wp-json\/wp\/v2\/product_cat?post=55926"},{"taxonomy":"product_tag","embeddable":true,"href":"https:\/\/mestraold.lleset.com\/fr\/wp-json\/wp\/v2\/product_tag?post=55926"}],"curies":[{"name":"wp","href":"https:\/\/api.w.org\/{rel}","templated":true}]}}