{"id":55925,"date":"2023-03-05T11:24:00","date_gmt":"2023-03-18T12:17:19","guid":{"rendered":"https:\/\/mestra.migracionesbgweb.com\/producto\/four-de-chauffe-50-d\/"},"modified":"2023-07-19T11:23:15","modified_gmt":"2023-07-19T09:23:15","slug":"four-de-chauffe-50-d","status":"publish","type":"product","link":"https:\/\/mestraold.lleset.com\/fr\/produit\/four-de-chauffe-50-d\/","title":{"rendered":"Four de chauffe 50-d"},"content":{"rendered":"<p>Parfait pour les travaux qui ne demandent pas un cycle de programmation classique avec des paliers.<\/p>\n<p>Il suffit d\u2019indiquer la temp\u00e9rature finale et le four commencera la chauffe jusqu\u2019\u00e0 atteindre cette temp\u00e9rature. Une fois la valeur en dregr\u00e9s obtenue celle-ci se maintendra de mani\u00e8re ind\u00e9finie.<\/p>\n<p>Son contr\u00f4le Digitale est d\u2019une pr\u00e9cision \u00e9ttonante en temp\u00e9rature et dans la pr\u00e9vention des effets de l\u2019inerie thermique.<\/p>\n<p>De plus il dispose d\u2019une connexion pour un catalysateur externe.<\/p>\n<p>Celui-ci fonctionnera de mani\u00e8re continue deopuis le d\u00e9but jusqu\u2019\u00e0 la temp\u00e9rature de d\u00e9connexion programm\u00e9e par l\u2019utilisateur.<\/p>\n<p>En ce qui concerne les dimensions, les caract\u00e9ristiques et le reste des prestations, ce fourt est similaire au mod\u00e8le HP 50. Seul son panneau de cont\u00f4le diff\u00e8re.<\/p>\n<p>Capacit\u00e9 du moufle: 4,8l. (4 a 6 cylindres de \u00d8 80)<\/p>\n","protected":false},"excerpt":{"rendered":"<p>Parfait pour les travaux qui ne demandent pas un cycle de programmation classique avec des paliers. Il suffit d\u2019indiquer la temp\u00e9rature finale et le four commencera la chauffe jusqu\u2019\u00e0 atteindre cette temp\u00e9rature. Une fois la valeur en dregr\u00e9s obtenue celle-ci se maintendra de mani\u00e8re ind\u00e9finie. Son contr\u00f4le Digitale est d\u2019une pr\u00e9cision \u00e9ttonante en temp\u00e9rature et [&hellip;]<\/p>\n","protected":false},"featured_media":21158,"template":"","meta":[],"product_cat":[202],"product_tag":[],"class_list":["post-55925","product","type-product","status-publish","has-post-thumbnail","hentry","product_cat-laboratoire"],"acf":[],"df_price":1397.68,"df_sale_price":1397.68,"df_regular_price":2541.24,"df_image_link":"https:\/\/mestraold.lleset.com\/wp-content\/uploads\/2021\/12\/Horno-de-precalentamiento-directo-50D-300x248.jpg","_links":{"self":[{"href":"https:\/\/mestraold.lleset.com\/fr\/wp-json\/wp\/v2\/product\/55925","targetHints":{"allow":["GET"]}}],"collection":[{"href":"https:\/\/mestraold.lleset.com\/fr\/wp-json\/wp\/v2\/product"}],"about":[{"href":"https:\/\/mestraold.lleset.com\/fr\/wp-json\/wp\/v2\/types\/product"}],"wp:featuredmedia":[{"embeddable":true,"href":"https:\/\/mestraold.lleset.com\/fr\/wp-json\/wp\/v2\/media\/21158"}],"wp:attachment":[{"href":"https:\/\/mestraold.lleset.com\/fr\/wp-json\/wp\/v2\/media?parent=55925"}],"wp:term":[{"taxonomy":"product_cat","embeddable":true,"href":"https:\/\/mestraold.lleset.com\/fr\/wp-json\/wp\/v2\/product_cat?post=55925"},{"taxonomy":"product_tag","embeddable":true,"href":"https:\/\/mestraold.lleset.com\/fr\/wp-json\/wp\/v2\/product_tag?post=55925"}],"curies":[{"name":"wp","href":"https:\/\/api.w.org\/{rel}","templated":true}]}}