{"id":55924,"date":"2023-03-05T11:24:00","date_gmt":"2023-03-18T12:17:19","guid":{"rendered":"https:\/\/mestra.migracionesbgweb.com\/producto\/extracteur-de-fumees\/"},"modified":"2023-07-19T11:28:43","modified_gmt":"2023-07-19T09:28:43","slug":"extracteur-de-fumees","status":"publish","type":"product","link":"https:\/\/mestraold.lleset.com\/fr\/produit\/extracteur-de-fumees\/","title":{"rendered":"Extracteur de fumees"},"content":{"rendered":"<p>Gr\u00e2ce \u00e0 l\u2019installation de ce dispositif on obtient un balayage doux et continu des fum\u00e9es de combustion g\u00e9n\u00e9r\u00e9s dans le moufle.<\/p>\n<p>Enti\u00e8rement fabriqu\u00e9 en acier inoxydable.<\/p>\n<p>S\u2019il est branch\u00e9 directement au four, l\u2019appareil fonctionnera entre 75 et 850 o C.<\/p>\n","protected":false},"excerpt":{"rendered":"<p>Gr\u00e2ce \u00e0 l\u2019installation de ce dispositif on obtient un balayage doux et continu des fum\u00e9es de combustion g\u00e9n\u00e9r\u00e9s dans le moufle. Enti\u00e8rement fabriqu\u00e9 en acier inoxydable. S\u2019il est branch\u00e9 directement au four, l\u2019appareil fonctionnera entre 75 et 850 o C.<\/p>\n","protected":false},"featured_media":21145,"template":"","meta":[],"product_cat":[202],"product_tag":[],"class_list":["post-55924","product","type-product","status-publish","has-post-thumbnail","hentry","product_cat-laboratoire"],"acf":[],"df_price":313.15,"df_sale_price":"","df_regular_price":313.15,"df_image_link":"https:\/\/mestraold.lleset.com\/wp-content\/uploads\/2021\/12\/Extractor-de-humos-para-horno-300x300.jpg","_links":{"self":[{"href":"https:\/\/mestraold.lleset.com\/fr\/wp-json\/wp\/v2\/product\/55924","targetHints":{"allow":["GET"]}}],"collection":[{"href":"https:\/\/mestraold.lleset.com\/fr\/wp-json\/wp\/v2\/product"}],"about":[{"href":"https:\/\/mestraold.lleset.com\/fr\/wp-json\/wp\/v2\/types\/product"}],"wp:featuredmedia":[{"embeddable":true,"href":"https:\/\/mestraold.lleset.com\/fr\/wp-json\/wp\/v2\/media\/21145"}],"wp:attachment":[{"href":"https:\/\/mestraold.lleset.com\/fr\/wp-json\/wp\/v2\/media?parent=55924"}],"wp:term":[{"taxonomy":"product_cat","embeddable":true,"href":"https:\/\/mestraold.lleset.com\/fr\/wp-json\/wp\/v2\/product_cat?post=55924"},{"taxonomy":"product_tag","embeddable":true,"href":"https:\/\/mestraold.lleset.com\/fr\/wp-json\/wp\/v2\/product_tag?post=55924"}],"curies":[{"name":"wp","href":"https:\/\/api.w.org\/{rel}","templated":true}]}}