{"id":55923,"date":"2023-03-05T11:24:00","date_gmt":"2023-03-18T12:17:19","guid":{"rendered":"https:\/\/mestra.migracionesbgweb.com\/producto\/dispositif-pour-enlever-la-cire-des-cylindres\/"},"modified":"2023-07-19T11:51:18","modified_gmt":"2023-07-19T09:51:18","slug":"dispositif-pour-enlever-la-cire-des-cylindres","status":"publish","type":"product","link":"https:\/\/mestraold.lleset.com\/fr\/produit\/dispositif-pour-enlever-la-cire-des-cylindres\/","title":{"rendered":"Dispositif pour enlever la cire des cylindres"},"content":{"rendered":"<p>Cet appareil tr\u00e8s pratique a \u00e9t\u00e9 con\u00e7u pour \u00e9liminer la cire des cylindres avant leur introduction dans le four de pr\u00e9chauffe.<\/p>\n<p>Gr\u00e2ce \u00e0 ce simple et rapide proc\u00e9d\u00e9, la fum\u00e9e et les mauvaises odeurs produites par le br\u00fblage de la cire dans le four, sont \u00e9vit\u00e9es.<\/p>\n<p>Sa manipulation est ais\u00e9e: il suffit de remplir la cuvette d\u2019eau et de placer les cylindres \u00e0 l\u2019int\u00e9rieur. Une puissante r\u00e9sistance r\u00e9chauffe l\u2019eau en quelques minutes jusqu\u2019\u00e0 ce que la cire fonde.<\/p>\n<p>La temp\u00e9rature de fonctionnement peut \u00eatre r\u00e9gl\u00e9e par un thermostat.<\/p>\n<p>La machine peut \u00e9galement \u00eatre utilis\u00e9e pour d\u2019autres applications exigeant une cuvette d\u2019eau chauff\u00e9e \u00e0 une certaine temp\u00e9rature, comme par exemple la thermo polym\u00e9risation de petits \u00e9l\u00e9ments.<\/p>\n<p>La machine est enti\u00e8rement fabriqu\u00e9e en acier inoxydable, un mat\u00e9riel noble facile \u00e0 nettoyer et d\u2019une excellente r\u00e9sistance \u00e0 la corrosion.<\/p>\n","protected":false},"excerpt":{"rendered":"<p>Cet appareil tr\u00e8s pratique a \u00e9t\u00e9 con\u00e7u pour \u00e9liminer la cire des cylindres avant leur introduction dans le four de pr\u00e9chauffe. Gr\u00e2ce \u00e0 ce simple et rapide proc\u00e9d\u00e9, la fum\u00e9e et les mauvaises odeurs produites par le br\u00fblage de la cire dans le four, sont \u00e9vit\u00e9es. Sa manipulation est ais\u00e9e: il suffit de remplir la [&hellip;]<\/p>\n","protected":false},"featured_media":21124,"template":"","meta":[],"product_cat":[202],"product_tag":[],"class_list":["post-55923","product","type-product","status-publish","has-post-thumbnail","hentry","product_cat-laboratoire"],"acf":[],"df_price":361.96,"df_sale_price":361.96,"df_regular_price":658.1,"df_image_link":"https:\/\/mestraold.lleset.com\/wp-content\/uploads\/2021\/12\/Desencerador-de-cilindros-300x300.jpg","_links":{"self":[{"href":"https:\/\/mestraold.lleset.com\/fr\/wp-json\/wp\/v2\/product\/55923","targetHints":{"allow":["GET"]}}],"collection":[{"href":"https:\/\/mestraold.lleset.com\/fr\/wp-json\/wp\/v2\/product"}],"about":[{"href":"https:\/\/mestraold.lleset.com\/fr\/wp-json\/wp\/v2\/types\/product"}],"wp:featuredmedia":[{"embeddable":true,"href":"https:\/\/mestraold.lleset.com\/fr\/wp-json\/wp\/v2\/media\/21124"}],"wp:attachment":[{"href":"https:\/\/mestraold.lleset.com\/fr\/wp-json\/wp\/v2\/media?parent=55923"}],"wp:term":[{"taxonomy":"product_cat","embeddable":true,"href":"https:\/\/mestraold.lleset.com\/fr\/wp-json\/wp\/v2\/product_cat?post=55923"},{"taxonomy":"product_tag","embeddable":true,"href":"https:\/\/mestraold.lleset.com\/fr\/wp-json\/wp\/v2\/product_tag?post=55923"}],"curies":[{"name":"wp","href":"https:\/\/api.w.org\/{rel}","templated":true}]}}