{"id":55922,"date":"2023-03-05T11:24:00","date_gmt":"2023-03-18T12:17:19","guid":{"rendered":"https:\/\/mestra.migracionesbgweb.com\/producto\/circuit-ferme-de-refroidissement-vestacast\/"},"modified":"2023-07-03T08:08:13","modified_gmt":"2023-07-03T06:08:13","slug":"circuit-ferme-de-refroidissement-vestacast","status":"publish","type":"product","link":"https:\/\/mestraold.lleset.com\/fr\/produit\/circuit-ferme-de-refroidissement-vestacast\/","title":{"rendered":"Circuit ferme de refroidissement (vestacast)"},"content":{"rendered":"<p>Le refroidissement de la machine doit se faire au moyen d\u2019un branchement direct sur ladistribution d\u2019eau. <\/p>\n<p>N\u00e9anmois, si elle est installee dans un local sans acc\u00e8s \u00e0 l\u2019eau courante, un circuit ferm\u00e9 de refroidissement peut \u00eatre fourni. <\/p>\n<p>Le circuit est compact, avec des dimensions r\u00e9duites et contr\u00f4l\u00e9 automatiquement par la machine elle-m\u00eame.<\/p>\n","protected":false},"excerpt":{"rendered":"<p>Le refroidissement de la machine doit se faire au moyen d\u2019un branchement direct sur ladistribution d\u2019eau. N\u00e9anmois, si elle est installee dans un local sans acc\u00e8s \u00e0 l\u2019eau courante, un circuit ferm\u00e9 de refroidissement peut \u00eatre fourni. Le circuit est compact, avec des dimensions r\u00e9duites et contr\u00f4l\u00e9 automatiquement par la machine elle-m\u00eame.<\/p>\n","protected":false},"featured_media":21010,"template":"","meta":[],"product_cat":[202],"product_tag":[],"class_list":["post-55922","product","type-product","status-publish","has-post-thumbnail","hentry","product_cat-laboratoire"],"acf":[],"df_price":661.52,"df_sale_price":"","df_regular_price":661.52,"df_image_link":"https:\/\/mestraold.lleset.com\/wp-content\/uploads\/2021\/12\/Circuito-de-refrigeracion-300x225.jpg","_links":{"self":[{"href":"https:\/\/mestraold.lleset.com\/fr\/wp-json\/wp\/v2\/product\/55922","targetHints":{"allow":["GET"]}}],"collection":[{"href":"https:\/\/mestraold.lleset.com\/fr\/wp-json\/wp\/v2\/product"}],"about":[{"href":"https:\/\/mestraold.lleset.com\/fr\/wp-json\/wp\/v2\/types\/product"}],"wp:featuredmedia":[{"embeddable":true,"href":"https:\/\/mestraold.lleset.com\/fr\/wp-json\/wp\/v2\/media\/21010"}],"wp:attachment":[{"href":"https:\/\/mestraold.lleset.com\/fr\/wp-json\/wp\/v2\/media?parent=55922"}],"wp:term":[{"taxonomy":"product_cat","embeddable":true,"href":"https:\/\/mestraold.lleset.com\/fr\/wp-json\/wp\/v2\/product_cat?post=55922"},{"taxonomy":"product_tag","embeddable":true,"href":"https:\/\/mestraold.lleset.com\/fr\/wp-json\/wp\/v2\/product_tag?post=55922"}],"curies":[{"name":"wp","href":"https:\/\/api.w.org\/{rel}","templated":true}]}}