{"id":55921,"date":"2023-03-05T11:24:00","date_gmt":"2023-03-18T12:17:19","guid":{"rendered":"https:\/\/mestra.migracionesbgweb.com\/producto\/fronde-manuelle-g3-non-disponible-c-e\/"},"modified":"2023-07-03T08:07:20","modified_gmt":"2023-07-03T06:07:20","slug":"fronde-manuelle-g3-non-disponible-c-e","status":"publish","type":"product","link":"https:\/\/mestraold.lleset.com\/fr\/produit\/fronde-manuelle-g3-non-disponible-c-e\/","title":{"rendered":"Fronde manuelle g3 non disponible c.e."},"content":{"rendered":"<p>Le bras de la fronde MESTRA est articul\u00e9, pour permettre la coul\u00e9e des mat\u00e9riaux \u00e0 un haut degr\u00e9 de fusion, car la vitesse de rotation est ajout\u00e9e \u00e0 celle du d\u00e9marrage au moment de la mise en marche.<\/p>\n<p>Le contre-poids peut \u00eatre d\u00e9plac\u00e9 graduellement, suivant la dimension et le poids du cylindre.  <\/p>\n<p>Porte-cylindres gradu\u00e9 en hauteur, pour pouvoir accoupler un cylindre MESTRA \u00e0 la bouche du creuset.<\/p>\n","protected":false},"excerpt":{"rendered":"<p>Le bras de la fronde MESTRA est articul\u00e9, pour permettre la coul\u00e9e des mat\u00e9riaux \u00e0 un haut degr\u00e9 de fusion, car la vitesse de rotation est ajout\u00e9e \u00e0 celle du d\u00e9marrage au moment de la mise en marche. Le contre-poids peut \u00eatre d\u00e9plac\u00e9 graduellement, suivant la dimension et le poids du cylindre. Porte-cylindres gradu\u00e9 en [&hellip;]<\/p>\n","protected":false},"featured_media":20928,"template":"","meta":[],"product_cat":[202],"product_tag":[],"class_list":["post-55921","product","type-product","status-publish","has-post-thumbnail","hentry","product_cat-laboratoire"],"acf":[],"df_price":1317.52,"df_sale_price":"","df_regular_price":1317.52,"df_image_link":"https:\/\/mestraold.lleset.com\/wp-content\/uploads\/2021\/12\/Centrifuga-MESTRA-G3-300x218.jpg","_links":{"self":[{"href":"https:\/\/mestraold.lleset.com\/fr\/wp-json\/wp\/v2\/product\/55921","targetHints":{"allow":["GET"]}}],"collection":[{"href":"https:\/\/mestraold.lleset.com\/fr\/wp-json\/wp\/v2\/product"}],"about":[{"href":"https:\/\/mestraold.lleset.com\/fr\/wp-json\/wp\/v2\/types\/product"}],"wp:featuredmedia":[{"embeddable":true,"href":"https:\/\/mestraold.lleset.com\/fr\/wp-json\/wp\/v2\/media\/20928"}],"wp:attachment":[{"href":"https:\/\/mestraold.lleset.com\/fr\/wp-json\/wp\/v2\/media?parent=55921"}],"wp:term":[{"taxonomy":"product_cat","embeddable":true,"href":"https:\/\/mestraold.lleset.com\/fr\/wp-json\/wp\/v2\/product_cat?post=55921"},{"taxonomy":"product_tag","embeddable":true,"href":"https:\/\/mestraold.lleset.com\/fr\/wp-json\/wp\/v2\/product_tag?post=55921"}],"curies":[{"name":"wp","href":"https:\/\/api.w.org\/{rel}","templated":true}]}}