{"id":55920,"date":"2023-03-05T11:24:00","date_gmt":"2023-03-18T12:17:19","guid":{"rendered":"https:\/\/mestra.migracionesbgweb.com\/producto\/fronde-a-induction-vestacast-acier-inox\/"},"modified":"2023-07-17T16:35:49","modified_gmt":"2023-07-17T14:35:49","slug":"fronde-a-induction-vestacast-acier-inox","status":"publish","type":"product","link":"https:\/\/mestraold.lleset.com\/fr\/produit\/fronde-a-induction-vestacast-acier-inox\/","title":{"rendered":"Fronde a induction vestacast (acier inox)"},"content":{"rendered":"<p>Fronde compacte de table \u00e0 induction, facile \u00e0 utiliser permettant des coul\u00e9es de qualit\u00e9. Bien que compos\u00e9e d\u2019un contr\u00f4le \u00e9lectronique sophistiqu\u00e9, la fronde VESTACAST est d\u2019une utilisation tr\u00e8s simple, aussi facile sinon plus que celle d\u2019une fronde \u00e9lectrique traditionnelle.<\/p>\n<p>Le ch\u00e2ssis est enti\u00e8rement construit en acier inoxydable. Sa puissance est de 2600 W. Elle b\u00e9n\u00e9ficie d\u2019un contr\u00f4le manuel puissance\/ temp\u00e9rature. La temp\u00e9rature de coul\u00e9e peut atteindre 1750 \u00b0C. Elle peut couler tout type d\u2019alliage, exception faite des alliages \u00e0 base de titane n\u00e9cessitant des mises sous vide.<\/p>\n<p>Les principaux avantages pourraient se r\u00e9sumer comme suit:<\/p>\n<p>1) Excellent rendement \u00e9nerg\u00e9tique: grande capacit\u00e9 de coul\u00e9e pour une faible consommation.<\/p>\n<p>2) Coul\u00e9e homog\u00e8ne avec faible d\u00e9perdition de mat\u00e9riau: Gain de temps dans les sablages et retouches post\u00e9rieures \u00e0 la coul\u00e9e.<\/p>\n<p>3) Tr\u00e8s compacte. Simple d\u2019entretien, simple \u00e0 utiliser.<\/p>\n","protected":false},"excerpt":{"rendered":"<p>Fronde compacte de table \u00e0 induction, facile \u00e0 utiliser permettant des coul\u00e9es de qualit\u00e9. Bien que compos\u00e9e d\u2019un contr\u00f4le \u00e9lectronique sophistiqu\u00e9, la fronde VESTACAST est d\u2019une utilisation tr\u00e8s simple, aussi facile sinon plus que celle d\u2019une fronde \u00e9lectrique traditionnelle. Le ch\u00e2ssis est enti\u00e8rement construit en acier inoxydable. Sa puissance est de 2600 W. Elle b\u00e9n\u00e9ficie [&hellip;]<\/p>\n","protected":false},"featured_media":20911,"template":"","meta":[],"product_cat":[202],"product_tag":[],"class_list":["post-55920","product","type-product","status-publish","has-post-thumbnail","hentry","product_cat-laboratoire"],"acf":[],"df_price":6171.35,"df_sale_price":6171.35,"df_regular_price":10285.58,"df_image_link":"https:\/\/mestraold.lleset.com\/wp-content\/uploads\/2021\/12\/Centrifuga-inductora-Vetacast-272x300.jpg","_links":{"self":[{"href":"https:\/\/mestraold.lleset.com\/fr\/wp-json\/wp\/v2\/product\/55920","targetHints":{"allow":["GET"]}}],"collection":[{"href":"https:\/\/mestraold.lleset.com\/fr\/wp-json\/wp\/v2\/product"}],"about":[{"href":"https:\/\/mestraold.lleset.com\/fr\/wp-json\/wp\/v2\/types\/product"}],"wp:featuredmedia":[{"embeddable":true,"href":"https:\/\/mestraold.lleset.com\/fr\/wp-json\/wp\/v2\/media\/20911"}],"wp:attachment":[{"href":"https:\/\/mestraold.lleset.com\/fr\/wp-json\/wp\/v2\/media?parent=55920"}],"wp:term":[{"taxonomy":"product_cat","embeddable":true,"href":"https:\/\/mestraold.lleset.com\/fr\/wp-json\/wp\/v2\/product_cat?post=55920"},{"taxonomy":"product_tag","embeddable":true,"href":"https:\/\/mestraold.lleset.com\/fr\/wp-json\/wp\/v2\/product_tag?post=55920"}],"curies":[{"name":"wp","href":"https:\/\/api.w.org\/{rel}","templated":true}]}}