{"id":55919,"date":"2023-03-05T11:24:00","date_gmt":"2023-03-18T12:17:19","guid":{"rendered":"https:\/\/mestra.migracionesbgweb.com\/producto\/fronde-electrique-cen-motor-sm2-de-table-inox\/"},"modified":"2023-07-17T16:44:05","modified_gmt":"2023-07-17T14:44:05","slug":"fronde-electrique-cen-motor-sm2-de-table-inox","status":"publish","type":"product","link":"https:\/\/mestraold.lleset.com\/fr\/produit\/fronde-electrique-cen-motor-sm2-de-table-inox\/","title":{"rendered":"Fronde electrique cen-motor sm2 (de table inox)"},"content":{"rendered":"<p><strong>Fabriqu\u00e9 en Acier inox.<\/strong><\/p>\n<p>La CEN-MOTOR SM-2 induit une nouvelle g\u00e9n\u00e9ration du mod\u00e8le d\u00e9j\u00e0 connu SM-1.<\/p>\n<p>Cette fronde dispose d\u2019un ch\u00e2ssis robuste aux dimensions r\u00e9duites et d\u2019une grande rigidit\u00e9, qui, associ\u00e9 \u00e0 un syst\u00e8me de \u00abcabine flottante\u00bb r\u00e9duit substantiellement les vibrations pendant le fonctionnement de la machine.<\/p>\n<p>Le contr\u00f4le \u00e9lectronique command\u00e9 par micro processeur permet de r\u00e9guler de mani\u00e8re pr\u00e9cise et simple la force de d\u00e9marrage du moteur ainsi que le temps de centrifugation de la fronde.<\/p>\n<p>En ce qui concerne les caract\u00e9ristiques du bras, on peut en souligner son extraordinaire l\u00e9g\u00e8ret\u00e9, son syst\u00e8me de repli automatique \u00e9vitant les cons\u00e9quences d\u2019un d\u00e9marrage non compens\u00e9, et sa capacit\u00e9 \u00e0 recevoir des cylindres jusqu\u2019\u00e0 100 mm de diam\u00e8tre.<\/p>\n","protected":false},"excerpt":{"rendered":"<p>Fabriqu\u00e9 en Acier inox. La CEN-MOTOR SM-2 induit une nouvelle g\u00e9n\u00e9ration du mod\u00e8le d\u00e9j\u00e0 connu SM-1. Cette fronde dispose d\u2019un ch\u00e2ssis robuste aux dimensions r\u00e9duites et d\u2019une grande rigidit\u00e9, qui, associ\u00e9 \u00e0 un syst\u00e8me de \u00abcabine flottante\u00bb r\u00e9duit substantiellement les vibrations pendant le fonctionnement de la machine. Le contr\u00f4le \u00e9lectronique command\u00e9 par micro processeur permet [&hellip;]<\/p>\n","protected":false},"featured_media":20902,"template":"","meta":[],"product_cat":[202],"product_tag":[],"class_list":["post-55919","product","type-product","status-publish","has-post-thumbnail","hentry","product_cat-laboratoire"],"acf":[],"df_price":2020.76,"df_sale_price":2020.76,"df_regular_price":3674.1,"df_image_link":"https:\/\/mestraold.lleset.com\/wp-content\/uploads\/2021\/12\/Centrifuga-CEN-Motor-SM-2-Acero-Inoxidable-300x300.jpg","_links":{"self":[{"href":"https:\/\/mestraold.lleset.com\/fr\/wp-json\/wp\/v2\/product\/55919","targetHints":{"allow":["GET"]}}],"collection":[{"href":"https:\/\/mestraold.lleset.com\/fr\/wp-json\/wp\/v2\/product"}],"about":[{"href":"https:\/\/mestraold.lleset.com\/fr\/wp-json\/wp\/v2\/types\/product"}],"wp:featuredmedia":[{"embeddable":true,"href":"https:\/\/mestraold.lleset.com\/fr\/wp-json\/wp\/v2\/media\/20902"}],"wp:attachment":[{"href":"https:\/\/mestraold.lleset.com\/fr\/wp-json\/wp\/v2\/media?parent=55919"}],"wp:term":[{"taxonomy":"product_cat","embeddable":true,"href":"https:\/\/mestraold.lleset.com\/fr\/wp-json\/wp\/v2\/product_cat?post=55919"},{"taxonomy":"product_tag","embeddable":true,"href":"https:\/\/mestraold.lleset.com\/fr\/wp-json\/wp\/v2\/product_tag?post=55919"}],"curies":[{"name":"wp","href":"https:\/\/api.w.org\/{rel}","templated":true}]}}