{"id":55913,"date":"2023-03-05T11:22:15","date_gmt":"2023-03-18T12:16:48","guid":{"rendered":"https:\/\/mestra.migracionesbgweb.com\/producto\/support-pour-ceramique-8-unites\/"},"modified":"2023-07-03T09:24:48","modified_gmt":"2023-07-03T07:24:48","slug":"support-pour-ceramique-8-unites","status":"publish","type":"product","link":"https:\/\/mestraold.lleset.com\/fr\/produit\/support-pour-ceramique-8-unites\/","title":{"rendered":"Support pour ceramique (8 unites)"},"content":{"rendered":"<p>Les formes ont \u00e9t\u00e9 sp\u00e9cialement con\u00e7ues pour asseoir de mani\u00e8re stable les travaux en c\u00e9ramique lors de leur cuisson au four.<\/p>\n<p>Pour \u00e9viter des \u00e9ventuelles br\u00fblures les supports changent de couleur en chauffant (froid= rose, chaud= jaune).<\/p>\n","protected":false},"excerpt":{"rendered":"<p>Les formes ont \u00e9t\u00e9 sp\u00e9cialement con\u00e7ues pour asseoir de mani\u00e8re stable les travaux en c\u00e9ramique lors de leur cuisson au four. Pour \u00e9viter des \u00e9ventuelles br\u00fblures les supports changent de couleur en chauffant (froid= rose, chaud= jaune).<\/p>\n","protected":false},"featured_media":20798,"template":"","meta":[],"product_cat":[202],"product_tag":[],"class_list":["post-55913","product","type-product","status-publish","has-post-thumbnail","hentry","product_cat-laboratoire"],"acf":[],"df_price":42.92,"df_sale_price":"","df_regular_price":42.92,"df_image_link":"https:\/\/mestraold.lleset.com\/wp-content\/uploads\/2021\/12\/Soporte-para-horno-de-porcelana-300x225.jpg","_links":{"self":[{"href":"https:\/\/mestraold.lleset.com\/fr\/wp-json\/wp\/v2\/product\/55913","targetHints":{"allow":["GET"]}}],"collection":[{"href":"https:\/\/mestraold.lleset.com\/fr\/wp-json\/wp\/v2\/product"}],"about":[{"href":"https:\/\/mestraold.lleset.com\/fr\/wp-json\/wp\/v2\/types\/product"}],"wp:featuredmedia":[{"embeddable":true,"href":"https:\/\/mestraold.lleset.com\/fr\/wp-json\/wp\/v2\/media\/20798"}],"wp:attachment":[{"href":"https:\/\/mestraold.lleset.com\/fr\/wp-json\/wp\/v2\/media?parent=55913"}],"wp:term":[{"taxonomy":"product_cat","embeddable":true,"href":"https:\/\/mestraold.lleset.com\/fr\/wp-json\/wp\/v2\/product_cat?post=55913"},{"taxonomy":"product_tag","embeddable":true,"href":"https:\/\/mestraold.lleset.com\/fr\/wp-json\/wp\/v2\/product_tag?post=55913"}],"curies":[{"name":"wp","href":"https:\/\/api.w.org\/{rel}","templated":true}]}}