{"id":55912,"date":"2023-03-05T11:22:15","date_gmt":"2023-03-18T12:16:48","guid":{"rendered":"https:\/\/mestra.migracionesbgweb.com\/producto\/set-dinstruments-pour-orthodontie\/"},"modified":"2023-07-03T09:41:47","modified_gmt":"2023-07-03T07:41:47","slug":"set-dinstruments-pour-orthodontie","status":"publish","type":"product","link":"https:\/\/mestraold.lleset.com\/fr\/produit\/set-dinstruments-pour-orthodontie\/","title":{"rendered":"Set d\u2019instruments pour orthodontie"},"content":{"rendered":"<p>Tr\u00e8s complet. Compos\u00e9 de 19 instruments :  <\/p>\n<p>&#8211; Ciseaux droits.<\/p>\n<p>&#8211; Jeu de deux pinces.<\/p>\n<p>&#8211; Pinces \u00e0 couper le fil de fer.<\/p>\n<p>&#8211; Pince mosquito courbe.<\/p>\n<p>&#8211; Compas d\u2019\u00e9paisseur.<\/p>\n<p>&#8211; Pince \u00e0 papier \u00e0 articuler.<\/p>\n<p>&#8211; Porte-mines.<\/p>\n<p>&#8211; Deux couteaux \u00e0 cire.<\/p>\n<p>&#8211; Deux scalpels.<\/p>\n<p>&#8211; Deux spatules pour ciment.<\/p>\n<p>&#8211; Manche de bistouri.<\/p>\n<p>&#8211; Spatule \u00e0 cavit\u00e9.<\/p>\n<p>&#8211; 4 instruments PK Thomas.<\/p>\n","protected":false},"excerpt":{"rendered":"<p>Tr\u00e8s complet. Compos\u00e9 de 19 instruments : &#8211; Ciseaux droits. &#8211; Jeu de deux pinces. &#8211; Pinces \u00e0 couper le fil de fer. &#8211; Pince mosquito courbe. &#8211; Compas d\u2019\u00e9paisseur. &#8211; Pince \u00e0 papier \u00e0 articuler. &#8211; Porte-mines. &#8211; Deux couteaux \u00e0 cire. &#8211; Deux scalpels. &#8211; Deux spatules pour ciment. &#8211; Manche de bistouri. [&hellip;]<\/p>\n","protected":false},"featured_media":20778,"template":"","meta":[],"product_cat":[202],"product_tag":[],"class_list":["post-55912","product","type-product","status-publish","has-post-thumbnail","hentry","product_cat-laboratoire"],"acf":[],"df_price":178.12,"df_sale_price":"","df_regular_price":178.12,"df_image_link":"https:\/\/mestraold.lleset.com\/wp-content\/uploads\/2021\/12\/Set-instrumental-para-ortodoncia-300x300.jpg","_links":{"self":[{"href":"https:\/\/mestraold.lleset.com\/fr\/wp-json\/wp\/v2\/product\/55912","targetHints":{"allow":["GET"]}}],"collection":[{"href":"https:\/\/mestraold.lleset.com\/fr\/wp-json\/wp\/v2\/product"}],"about":[{"href":"https:\/\/mestraold.lleset.com\/fr\/wp-json\/wp\/v2\/types\/product"}],"wp:featuredmedia":[{"embeddable":true,"href":"https:\/\/mestraold.lleset.com\/fr\/wp-json\/wp\/v2\/media\/20778"}],"wp:attachment":[{"href":"https:\/\/mestraold.lleset.com\/fr\/wp-json\/wp\/v2\/media?parent=55912"}],"wp:term":[{"taxonomy":"product_cat","embeddable":true,"href":"https:\/\/mestraold.lleset.com\/fr\/wp-json\/wp\/v2\/product_cat?post=55912"},{"taxonomy":"product_tag","embeddable":true,"href":"https:\/\/mestraold.lleset.com\/fr\/wp-json\/wp\/v2\/product_tag?post=55912"}],"curies":[{"name":"wp","href":"https:\/\/api.w.org\/{rel}","templated":true}]}}