{"id":55911,"date":"2023-03-05T11:22:15","date_gmt":"2023-03-18T12:16:48","guid":{"rendered":"https:\/\/mestra.migracionesbgweb.com\/producto\/set-dinstruments-pour-ceramique\/"},"modified":"2023-07-03T09:41:38","modified_gmt":"2023-07-03T07:41:38","slug":"set-dinstruments-pour-ceramique","status":"publish","type":"product","link":"https:\/\/mestraold.lleset.com\/fr\/produit\/set-dinstruments-pour-ceramique\/","title":{"rendered":"Set d\u2019instruments pour ceramique"},"content":{"rendered":"<p>Tr\u00e8s complet. Compos\u00e9 de 18 instruments:  <\/p>\n<p>&#8211; Pince mosquito courbe.<\/p>\n<p>&#8211; Pince mosquito droite \u00e0 bouts diamant\u00e9s.<\/p>\n<p>&#8211; Pince large.<\/p>\n<p>&#8211; Spatule de condensation.<\/p>\n<p>&#8211; Instrument doseur.<\/p>\n<p>&#8211; Set de trois instruments pour c\u00e9ramique.<\/p>\n<p>&#8211; Scalpel pour c\u00e9ramique.<\/p>\n<p>&#8211; Spatule en agate.<\/p>\n<p>&#8211; Porte-mine.<\/p>\n<p>&#8211; Cutter.<\/p>\n<p>&#8211; Jeu de 6 pinceaux en poil de Marthe Kolinski avec capuchon.<\/p>\n","protected":false},"excerpt":{"rendered":"<p>Tr\u00e8s complet. Compos\u00e9 de 18 instruments: &#8211; Pince mosquito courbe. &#8211; Pince mosquito droite \u00e0 bouts diamant\u00e9s. &#8211; Pince large. &#8211; Spatule de condensation. &#8211; Instrument doseur. &#8211; Set de trois instruments pour c\u00e9ramique. &#8211; Scalpel pour c\u00e9ramique. &#8211; Spatule en agate. &#8211; Porte-mine. &#8211; Cutter. &#8211; Jeu de 6 pinceaux en poil de Marthe [&hellip;]<\/p>\n","protected":false},"featured_media":20773,"template":"","meta":[],"product_cat":[202],"product_tag":[],"class_list":["post-55911","product","type-product","status-publish","has-post-thumbnail","hentry","product_cat-laboratoire"],"acf":[],"df_price":222.66,"df_sale_price":"","df_regular_price":222.66,"df_image_link":"https:\/\/mestraold.lleset.com\/wp-content\/uploads\/2021\/12\/Set-instrumental-para-ceramica-300x300.jpg","_links":{"self":[{"href":"https:\/\/mestraold.lleset.com\/fr\/wp-json\/wp\/v2\/product\/55911","targetHints":{"allow":["GET"]}}],"collection":[{"href":"https:\/\/mestraold.lleset.com\/fr\/wp-json\/wp\/v2\/product"}],"about":[{"href":"https:\/\/mestraold.lleset.com\/fr\/wp-json\/wp\/v2\/types\/product"}],"wp:featuredmedia":[{"embeddable":true,"href":"https:\/\/mestraold.lleset.com\/fr\/wp-json\/wp\/v2\/media\/20773"}],"wp:attachment":[{"href":"https:\/\/mestraold.lleset.com\/fr\/wp-json\/wp\/v2\/media?parent=55911"}],"wp:term":[{"taxonomy":"product_cat","embeddable":true,"href":"https:\/\/mestraold.lleset.com\/fr\/wp-json\/wp\/v2\/product_cat?post=55911"},{"taxonomy":"product_tag","embeddable":true,"href":"https:\/\/mestraold.lleset.com\/fr\/wp-json\/wp\/v2\/product_tag?post=55911"}],"curies":[{"name":"wp","href":"https:\/\/api.w.org\/{rel}","templated":true}]}}