{"id":55909,"date":"2023-03-05T11:22:15","date_gmt":"2023-03-18T12:16:48","guid":{"rendered":"https:\/\/mestra.migracionesbgweb.com\/producto\/set-de-pinceaux-bois-toray-kolinsky-plats-21-unites\/"},"modified":"2023-07-03T09:18:14","modified_gmt":"2023-07-03T07:18:14","slug":"set-de-pinceaux-bois-toray-kolinsky-plats-21-unites","status":"publish","type":"product","link":"https:\/\/mestraold.lleset.com\/fr\/produit\/set-de-pinceaux-bois-toray-kolinsky-plats-21-unites\/","title":{"rendered":"Set de pinceaux bois &#8211; toray\/kolinsky\/plats (21 unites)"},"content":{"rendered":"<p>Assortiment complet de pinceaux comprenant:<\/p>\n<ul>\n<li>Des pinceaux ronds en poil de Martre Kolinsky.<\/li>\n<li>Des pinceaux ronds en fibre synth\u00e9tique Toray or.<\/li>\n<li>Des pinceaux plats en fibre synth\u00e9tique de qualit\u00e9 Toray Or.<\/li>\n<\/ul>\n<p>Le set comprend les numeros 0, 1, 2, 4, 6, 8, et 10 de chaque type, soit un total de 21 pinceaux.<\/p>\n<p>Pour la parfaite tenue du pinceau les pinceaux comprennent des microbilles \u00e0 l\u2019int\u00e9rieur.<\/p>\n","protected":false},"excerpt":{"rendered":"<p>Assortiment complet de pinceaux comprenant: Des pinceaux ronds en poil de Martre Kolinsky. Des pinceaux ronds en fibre synth\u00e9tique Toray or. Des pinceaux plats en fibre synth\u00e9tique de qualit\u00e9 Toray Or. Le set comprend les numeros 0, 1, 2, 4, 6, 8, et 10 de chaque type, soit un total de 21 pinceaux. Pour la [&hellip;]<\/p>\n","protected":false},"featured_media":20763,"template":"","meta":[],"product_cat":[202],"product_tag":[],"class_list":["post-55909","product","type-product","status-publish","has-post-thumbnail","hentry","product_cat-laboratoire"],"acf":[],"df_price":510,"df_sale_price":"","df_regular_price":510,"df_image_link":"https:\/\/mestraold.lleset.com\/wp-content\/uploads\/2021\/12\/Set-de-pinceles-madera-21-pinceles-300x225.jpg","_links":{"self":[{"href":"https:\/\/mestraold.lleset.com\/fr\/wp-json\/wp\/v2\/product\/55909","targetHints":{"allow":["GET"]}}],"collection":[{"href":"https:\/\/mestraold.lleset.com\/fr\/wp-json\/wp\/v2\/product"}],"about":[{"href":"https:\/\/mestraold.lleset.com\/fr\/wp-json\/wp\/v2\/types\/product"}],"wp:featuredmedia":[{"embeddable":true,"href":"https:\/\/mestraold.lleset.com\/fr\/wp-json\/wp\/v2\/media\/20763"}],"wp:attachment":[{"href":"https:\/\/mestraold.lleset.com\/fr\/wp-json\/wp\/v2\/media?parent=55909"}],"wp:term":[{"taxonomy":"product_cat","embeddable":true,"href":"https:\/\/mestraold.lleset.com\/fr\/wp-json\/wp\/v2\/product_cat?post=55909"},{"taxonomy":"product_tag","embeddable":true,"href":"https:\/\/mestraold.lleset.com\/fr\/wp-json\/wp\/v2\/product_tag?post=55909"}],"curies":[{"name":"wp","href":"https:\/\/api.w.org\/{rel}","templated":true}]}}