{"id":55908,"date":"2023-03-05T11:22:15","date_gmt":"2023-03-18T12:16:48","guid":{"rendered":"https:\/\/mestra.migracionesbgweb.com\/producto\/set-nid-dabeille-2-unites-supports-ceramique\/"},"modified":"2023-07-03T09:26:22","modified_gmt":"2023-07-03T07:26:22","slug":"set-nid-dabeille-2-unites-supports-ceramique","status":"publish","type":"product","link":"https:\/\/mestraold.lleset.com\/fr\/produit\/set-nid-dabeille-2-unites-supports-ceramique\/","title":{"rendered":"Set nid d&rsquo;abeille 2 unites +supports ceramique"},"content":{"rendered":"<p>Ensemble de supports permettant la mise au four des travaux c\u00e9ramique.  <\/p>\n<p>Sa structure nid d\u2019abeille permet d\u2019adapter les pins support \u00e0 la g\u00e9om\u00e9trie de tout travail.<\/p>\n","protected":false},"excerpt":{"rendered":"<p>Ensemble de supports permettant la mise au four des travaux c\u00e9ramique. Sa structure nid d\u2019abeille permet d\u2019adapter les pins support \u00e0 la g\u00e9om\u00e9trie de tout travail.<\/p>\n","protected":false},"featured_media":20758,"template":"","meta":[],"product_cat":[202],"product_tag":[],"class_list":["post-55908","product","type-product","status-publish","has-post-thumbnail","hentry","product_cat-laboratoire"],"acf":[],"df_price":81.06,"df_sale_price":"","df_regular_price":81.06,"df_image_link":"https:\/\/mestraold.lleset.com\/wp-content\/uploads\/2021\/12\/Set-de-bandejas-portaceramica-300x300.jpg","_links":{"self":[{"href":"https:\/\/mestraold.lleset.com\/fr\/wp-json\/wp\/v2\/product\/55908","targetHints":{"allow":["GET"]}}],"collection":[{"href":"https:\/\/mestraold.lleset.com\/fr\/wp-json\/wp\/v2\/product"}],"about":[{"href":"https:\/\/mestraold.lleset.com\/fr\/wp-json\/wp\/v2\/types\/product"}],"wp:featuredmedia":[{"embeddable":true,"href":"https:\/\/mestraold.lleset.com\/fr\/wp-json\/wp\/v2\/media\/20758"}],"wp:attachment":[{"href":"https:\/\/mestraold.lleset.com\/fr\/wp-json\/wp\/v2\/media?parent=55908"}],"wp:term":[{"taxonomy":"product_cat","embeddable":true,"href":"https:\/\/mestraold.lleset.com\/fr\/wp-json\/wp\/v2\/product_cat?post=55908"},{"taxonomy":"product_tag","embeddable":true,"href":"https:\/\/mestraold.lleset.com\/fr\/wp-json\/wp\/v2\/product_tag?post=55908"}],"curies":[{"name":"wp","href":"https:\/\/api.w.org\/{rel}","templated":true}]}}