{"id":55904,"date":"2023-03-05T11:20:33","date_gmt":"2023-03-18T12:16:13","guid":{"rendered":"https:\/\/mestra.migracionesbgweb.com\/producto\/support-a-pinces-pour-travaux-de-soudure\/"},"modified":"2023-07-03T09:28:25","modified_gmt":"2023-07-03T07:28:25","slug":"support-a-pinces-pour-travaux-de-soudure","status":"publish","type":"product","link":"https:\/\/mestraold.lleset.com\/fr\/produit\/support-a-pinces-pour-travaux-de-soudure\/","title":{"rendered":"Support a pinces pour travaux de soudure"},"content":{"rendered":"<p>Accessoire tr\u00e8s utile pour travaux de soudure et en g\u00e9n\u00e9ral pour des situations o\u00f9 l\u2019on doit travailler \u00e0 deux mains sur des petites pi\u00e8ces.<\/p>\n<p>Il est \u00e9quip\u00e9 d\u2019une loupe qui am\u00e9liore la vision.<\/p>\n","protected":false},"excerpt":{"rendered":"<p>Accessoire tr\u00e8s utile pour travaux de soudure et en g\u00e9n\u00e9ral pour des situations o\u00f9 l\u2019on doit travailler \u00e0 deux mains sur des petites pi\u00e8ces. Il est \u00e9quip\u00e9 d\u2019une loupe qui am\u00e9liore la vision.<\/p>\n","protected":false},"featured_media":20715,"template":"","meta":[],"product_cat":[202],"product_tag":[],"class_list":["post-55904","product","type-product","status-publish","has-post-thumbnail","hentry","product_cat-laboratoire"],"acf":[],"df_price":28.26,"df_sale_price":"","df_regular_price":28.26,"df_image_link":"https:\/\/mestraold.lleset.com\/wp-content\/uploads\/2021\/12\/Pinza-de-sujecion-256x300.jpg","_links":{"self":[{"href":"https:\/\/mestraold.lleset.com\/fr\/wp-json\/wp\/v2\/product\/55904","targetHints":{"allow":["GET"]}}],"collection":[{"href":"https:\/\/mestraold.lleset.com\/fr\/wp-json\/wp\/v2\/product"}],"about":[{"href":"https:\/\/mestraold.lleset.com\/fr\/wp-json\/wp\/v2\/types\/product"}],"wp:featuredmedia":[{"embeddable":true,"href":"https:\/\/mestraold.lleset.com\/fr\/wp-json\/wp\/v2\/media\/20715"}],"wp:attachment":[{"href":"https:\/\/mestraold.lleset.com\/fr\/wp-json\/wp\/v2\/media?parent=55904"}],"wp:term":[{"taxonomy":"product_cat","embeddable":true,"href":"https:\/\/mestraold.lleset.com\/fr\/wp-json\/wp\/v2\/product_cat?post=55904"},{"taxonomy":"product_tag","embeddable":true,"href":"https:\/\/mestraold.lleset.com\/fr\/wp-json\/wp\/v2\/product_tag?post=55904"}],"curies":[{"name":"wp","href":"https:\/\/api.w.org\/{rel}","templated":true}]}}