{"id":55903,"date":"2023-03-05T11:20:33","date_gmt":"2023-03-18T12:16:13","guid":{"rendered":"https:\/\/mestra.migracionesbgweb.com\/producto\/palette-ceramique\/"},"modified":"2023-07-03T09:24:39","modified_gmt":"2023-07-03T07:24:39","slug":"palette-ceramique","status":"publish","type":"product","link":"https:\/\/mestraold.lleset.com\/fr\/produit\/palette-ceramique\/","title":{"rendered":"Palette ceramique"},"content":{"rendered":"<p>Id\u00e9ale pour les m\u00e9langes. <\/p>\n<p>Dispose de 5 cavit\u00e9s rectangulaires (30 x 45 mm) et autant de circulaires (diam\u00e8tre 25 mm).<\/p>\n","protected":false},"excerpt":{"rendered":"<p>Id\u00e9ale pour les m\u00e9langes. Dispose de 5 cavit\u00e9s rectangulaires (30 x 45 mm) et autant de circulaires (diam\u00e8tre 25 mm).<\/p>\n","protected":false},"featured_media":20620,"template":"","meta":[],"product_cat":[202],"product_tag":[],"class_list":["post-55903","product","type-product","status-publish","has-post-thumbnail","hentry","product_cat-laboratoire"],"acf":[],"df_price":39.74,"df_sale_price":"","df_regular_price":39.74,"df_image_link":"https:\/\/mestraold.lleset.com\/wp-content\/uploads\/2021\/12\/Paleta-de-ceramica-300x300.jpg","_links":{"self":[{"href":"https:\/\/mestraold.lleset.com\/fr\/wp-json\/wp\/v2\/product\/55903","targetHints":{"allow":["GET"]}}],"collection":[{"href":"https:\/\/mestraold.lleset.com\/fr\/wp-json\/wp\/v2\/product"}],"about":[{"href":"https:\/\/mestraold.lleset.com\/fr\/wp-json\/wp\/v2\/types\/product"}],"wp:featuredmedia":[{"embeddable":true,"href":"https:\/\/mestraold.lleset.com\/fr\/wp-json\/wp\/v2\/media\/20620"}],"wp:attachment":[{"href":"https:\/\/mestraold.lleset.com\/fr\/wp-json\/wp\/v2\/media?parent=55903"}],"wp:term":[{"taxonomy":"product_cat","embeddable":true,"href":"https:\/\/mestraold.lleset.com\/fr\/wp-json\/wp\/v2\/product_cat?post=55903"},{"taxonomy":"product_tag","embeddable":true,"href":"https:\/\/mestraold.lleset.com\/fr\/wp-json\/wp\/v2\/product_tag?post=55903"}],"curies":[{"name":"wp","href":"https:\/\/api.w.org\/{rel}","templated":true}]}}