{"id":55901,"date":"2023-03-05T11:20:33","date_gmt":"2023-03-18T12:16:13","guid":{"rendered":"https:\/\/mestra.migracionesbgweb.com\/producto\/mini-pompe-a-vide\/"},"modified":"2023-07-03T10:12:23","modified_gmt":"2023-07-03T08:12:23","slug":"mini-pompe-a-vide","status":"publish","type":"product","link":"https:\/\/mestraold.lleset.com\/fr\/produit\/mini-pompe-a-vide\/","title":{"rendered":"Mini pompe a vide"},"content":{"rendered":"<p>Une option \u00e9conomique qui forme un ensemble avec les batteurs<\/p>\n<p>Dimensions r\u00e9duites et tr\u00e8s silencieuse.<\/p>\n","protected":false},"excerpt":{"rendered":"<p>Une option \u00e9conomique qui forme un ensemble avec les batteurs Dimensions r\u00e9duites et tr\u00e8s silencieuse.<\/p>\n","protected":false},"featured_media":20606,"template":"","meta":[],"product_cat":[202,220],"product_tag":[],"class_list":["post-55901","product","type-product","status-publish","has-post-thumbnail","hentry","product_cat-laboratoire","product_cat-preparatin-de-modeles"],"acf":[],"df_price":436.33,"df_sale_price":"","df_regular_price":436.33,"df_image_link":"https:\/\/mestraold.lleset.com\/wp-content\/uploads\/2021\/12\/Microbomba-de-vacio-300x300.jpg","_links":{"self":[{"href":"https:\/\/mestraold.lleset.com\/fr\/wp-json\/wp\/v2\/product\/55901","targetHints":{"allow":["GET"]}}],"collection":[{"href":"https:\/\/mestraold.lleset.com\/fr\/wp-json\/wp\/v2\/product"}],"about":[{"href":"https:\/\/mestraold.lleset.com\/fr\/wp-json\/wp\/v2\/types\/product"}],"wp:featuredmedia":[{"embeddable":true,"href":"https:\/\/mestraold.lleset.com\/fr\/wp-json\/wp\/v2\/media\/20606"}],"wp:attachment":[{"href":"https:\/\/mestraold.lleset.com\/fr\/wp-json\/wp\/v2\/media?parent=55901"}],"wp:term":[{"taxonomy":"product_cat","embeddable":true,"href":"https:\/\/mestraold.lleset.com\/fr\/wp-json\/wp\/v2\/product_cat?post=55901"},{"taxonomy":"product_tag","embeddable":true,"href":"https:\/\/mestraold.lleset.com\/fr\/wp-json\/wp\/v2\/product_tag?post=55901"}],"curies":[{"name":"wp","href":"https:\/\/api.w.org\/{rel}","templated":true}]}}