{"id":55896,"date":"2023-03-05T11:20:33","date_gmt":"2023-03-18T12:16:13","guid":{"rendered":"https:\/\/mestra.migracionesbgweb.com\/producto\/loupe-a-main-type-horloger-avec-lumiere-grossissement-30-60\/"},"modified":"2023-07-03T10:52:44","modified_gmt":"2023-07-03T08:52:44","slug":"loupe-a-main-type-horloger-avec-lumiere-grossissement-30-60","status":"publish","type":"product","link":"https:\/\/mestraold.lleset.com\/fr\/produit\/loupe-a-main-type-horloger-avec-lumiere-grossissement-30-60\/","title":{"rendered":"Loupe a main type horloger avec lumiere grossissement 30-60"},"content":{"rendered":"<p>Cette loupe Aux dimensions r\u00e9duites est munie de deux verres d\u2019un grossissement de X30 et de X60 ainsi de d\u2019un puissant \u00e9clairage LED. <\/p>\n<p>Elle est id\u00e9ale pour d\u00e9celer les petits d\u00e9tails au cours du travail.<\/p>\n","protected":false},"excerpt":{"rendered":"<p>Cette loupe Aux dimensions r\u00e9duites est munie de deux verres d\u2019un grossissement de X30 et de X60 ainsi de d\u2019un puissant \u00e9clairage LED. Elle est id\u00e9ale pour d\u00e9celer les petits d\u00e9tails au cours du travail.<\/p>\n","protected":false},"featured_media":20549,"template":"","meta":[],"product_cat":[229,202],"product_tag":[],"class_list":["post-55896","product","type-product","status-publish","has-post-thumbnail","hentry","product_cat-eclairage","product_cat-laboratoire"],"acf":[],"df_price":13.74,"df_sale_price":"","df_regular_price":13.74,"df_image_link":"https:\/\/mestraold.lleset.com\/wp-content\/uploads\/2021\/12\/Lupa-de-mano-tipo-relojero-con-luz-300x225.jpg","_links":{"self":[{"href":"https:\/\/mestraold.lleset.com\/fr\/wp-json\/wp\/v2\/product\/55896","targetHints":{"allow":["GET"]}}],"collection":[{"href":"https:\/\/mestraold.lleset.com\/fr\/wp-json\/wp\/v2\/product"}],"about":[{"href":"https:\/\/mestraold.lleset.com\/fr\/wp-json\/wp\/v2\/types\/product"}],"wp:featuredmedia":[{"embeddable":true,"href":"https:\/\/mestraold.lleset.com\/fr\/wp-json\/wp\/v2\/media\/20549"}],"wp:attachment":[{"href":"https:\/\/mestraold.lleset.com\/fr\/wp-json\/wp\/v2\/media?parent=55896"}],"wp:term":[{"taxonomy":"product_cat","embeddable":true,"href":"https:\/\/mestraold.lleset.com\/fr\/wp-json\/wp\/v2\/product_cat?post=55896"},{"taxonomy":"product_tag","embeddable":true,"href":"https:\/\/mestraold.lleset.com\/fr\/wp-json\/wp\/v2\/product_tag?post=55896"}],"curies":[{"name":"wp","href":"https:\/\/api.w.org\/{rel}","templated":true}]}}