{"id":55890,"date":"2023-03-05T11:18:53","date_gmt":"2023-03-18T12:15:46","guid":{"rendered":"https:\/\/mestra.migracionesbgweb.com\/producto\/instrument-a-mouler-les-molaires-avec-16-morphologies\/"},"modified":"2023-07-03T09:39:55","modified_gmt":"2023-07-03T07:39:55","slug":"instrument-a-mouler-les-molaires-avec-16-morphologies","status":"publish","type":"product","link":"https:\/\/mestraold.lleset.com\/fr\/produit\/instrument-a-mouler-les-molaires-avec-16-morphologies\/","title":{"rendered":"Instrument a mouler les molaires avec 16 morphologies"},"content":{"rendered":"<p>Il permet au technicien de reproduire avec grande pr\u00e9cision la partie occlusale des molaires lors de travaux en c\u00e9ramique en r\u00e9sine ou en cire. <\/p>\n<p>16 formes diff\u00e9rentes.<\/p>\n<p>En partant d\u2019une sculpture primaire le technicien s\u00e9lectionnera la face triturante la plus ad\u00e9quate \u00e0 son travail.<\/p>\n<p> En appliquant son travail au gabarit on obtiendra de mani\u00e8re imm\u00e9diate la forme exacte de la dent. Economie de temps garantie.<\/p>\n","protected":false},"excerpt":{"rendered":"<p>16 gabarits diff\u00e9rents<\/p>\n","protected":false},"featured_media":20497,"template":"","meta":[],"product_cat":[202],"product_tag":[],"class_list":["post-55890","product","type-product","status-publish","has-post-thumbnail","hentry","product_cat-laboratoire"],"acf":[],"df_price":83.3,"df_sale_price":"","df_regular_price":83.3,"df_image_link":"https:\/\/mestraold.lleset.com\/wp-content\/uploads\/2021\/12\/Instrumento-moldeador-de-muelas-300x208.jpg","_links":{"self":[{"href":"https:\/\/mestraold.lleset.com\/fr\/wp-json\/wp\/v2\/product\/55890","targetHints":{"allow":["GET"]}}],"collection":[{"href":"https:\/\/mestraold.lleset.com\/fr\/wp-json\/wp\/v2\/product"}],"about":[{"href":"https:\/\/mestraold.lleset.com\/fr\/wp-json\/wp\/v2\/types\/product"}],"wp:featuredmedia":[{"embeddable":true,"href":"https:\/\/mestraold.lleset.com\/fr\/wp-json\/wp\/v2\/media\/20497"}],"wp:attachment":[{"href":"https:\/\/mestraold.lleset.com\/fr\/wp-json\/wp\/v2\/media?parent=55890"}],"wp:term":[{"taxonomy":"product_cat","embeddable":true,"href":"https:\/\/mestraold.lleset.com\/fr\/wp-json\/wp\/v2\/product_cat?post=55890"},{"taxonomy":"product_tag","embeddable":true,"href":"https:\/\/mestraold.lleset.com\/fr\/wp-json\/wp\/v2\/product_tag?post=55890"}],"curies":[{"name":"wp","href":"https:\/\/api.w.org\/{rel}","templated":true}]}}