{"id":55888,"date":"2023-03-05T11:18:53","date_gmt":"2023-03-18T12:15:46","guid":{"rendered":"https:\/\/mestra.migracionesbgweb.com\/producto\/indigrap-10-unites\/"},"modified":"2023-07-03T09:13:31","modified_gmt":"2023-07-03T07:13:31","slug":"indigrap-10-unites","status":"publish","type":"product","link":"https:\/\/mestraold.lleset.com\/fr\/produit\/indigrap-10-unites\/","title":{"rendered":"Indigrap 10 unites"},"content":{"rendered":"<p>PREPARATION DU MODELE  <\/p>\n<p>Avec un bistouri, on coupe le cavit\u00e9 palatine, le plus possible, sur le plan de la cuvette.  <\/p>\n<p>NETTOYAGE DU MODELE  <\/p>\n<p>Apr\u00e9s durcissement du pl\u00e2tre, enlever la plaque d\u2019expulsion (blanche) et \u00e9vacuer le surplus de pl\u00e2tre.  <\/p>\n<p>INDIVIDUALISATION  <\/p>\n<p>D\u00e9monter la base ; La laver pour enlever les restes de cire et de pl\u00e2tre. D\u00e9monter les bras lat\u00e9raux (noirs) qui retiennent le mod\u00e8le Sortir le mod\u00e8le de la base et la placer sur la plaque d\u2019expulsion (blanche) en la clipsant apr\u00e8s avoir enlev\u00e9 le mod\u00e8le.  Ensuite individualiser les parties dont on a besoin.  <\/p>\n<p>Nota: Pour \u00e9viter des erreurs d\u2019occlusion, il est tr\u00e8s important de bien nettoyer les restes de pl\u00e2tre etc., sur les pi\u00e8ces et sur le mod\u00e8le.  <\/p>\n<p>COULEE DE L\u2019EMPREINTE<\/p>\n<p>Verser le pl\u00e2tre sur la base, puis couler l\u2019empreinte. (Travailler avec vibrateur).  <\/p>\n<p>ARTICULATION<\/p>\n<p>Clipser les boutons de fixation sur la base. Placer le mod\u00e8le antagoniste (que l\u2019on peut fixer avec quelques gouttes de cire), puis faire la mise en articulateur avec un pl\u00e2tre ad\u00e9quat.<\/p>\n","protected":false},"excerpt":{"rendered":"<p>Kit de 10 unit\u00e9s<\/p>\n","protected":false},"featured_media":20483,"template":"","meta":[],"product_cat":[202],"product_tag":[],"class_list":["post-55888","product","type-product","status-publish","has-post-thumbnail","hentry","product_cat-laboratoire"],"acf":[],"df_price":99.06,"df_sale_price":"","df_regular_price":99.06,"df_image_link":"https:\/\/mestraold.lleset.com\/wp-content\/uploads\/2021\/12\/319-INDIGRAP-Individualizador-de-munones-300x300.jpg","_links":{"self":[{"href":"https:\/\/mestraold.lleset.com\/fr\/wp-json\/wp\/v2\/product\/55888","targetHints":{"allow":["GET"]}}],"collection":[{"href":"https:\/\/mestraold.lleset.com\/fr\/wp-json\/wp\/v2\/product"}],"about":[{"href":"https:\/\/mestraold.lleset.com\/fr\/wp-json\/wp\/v2\/types\/product"}],"wp:featuredmedia":[{"embeddable":true,"href":"https:\/\/mestraold.lleset.com\/fr\/wp-json\/wp\/v2\/media\/20483"}],"wp:attachment":[{"href":"https:\/\/mestraold.lleset.com\/fr\/wp-json\/wp\/v2\/media?parent=55888"}],"wp:term":[{"taxonomy":"product_cat","embeddable":true,"href":"https:\/\/mestraold.lleset.com\/fr\/wp-json\/wp\/v2\/product_cat?post=55888"},{"taxonomy":"product_tag","embeddable":true,"href":"https:\/\/mestraold.lleset.com\/fr\/wp-json\/wp\/v2\/product_tag?post=55888"}],"curies":[{"name":"wp","href":"https:\/\/api.w.org\/{rel}","templated":true}]}}