{"id":55887,"date":"2023-03-18T13:15:46","date_gmt":"2023-03-18T12:15:46","guid":{"rendered":"https:\/\/mestra.migracionesbgweb.com\/producto\/spatule-agate-2\/"},"modified":"2023-12-05T08:53:50","modified_gmt":"2023-12-05T07:53:50","slug":"spatule-agate-2","status":"publish","type":"product","link":"https:\/\/mestraold.lleset.com\/fr\/produit\/spatule-agate-2\/","title":{"rendered":"Spatule agate"},"content":{"rendered":"<p>Sp\u00e9cialement con\u00e7ue pour les m\u00e9langes sans r\u00e9sidus.<\/p>\n<p>La forme et la dimensions peuvent souffrir des modifications.<\/p>\n","protected":false},"excerpt":{"rendered":"<p>Sp\u00e9cialement con\u00e7ue pour les m\u00e9langes sans r\u00e9sidus. La forme et la dimensions peuvent souffrir des modifications.<\/p>\n","protected":false},"featured_media":20431,"template":"","meta":[],"product_cat":[178,202,256],"product_tag":[],"class_list":["post-55887","product","type-product","status-publish","has-post-thumbnail","hentry","product_cat-dentaire","product_cat-laboratoire","product_cat-petit-materiel-de-laboratoire"],"acf":[],"df_price":18.7,"df_sale_price":"","df_regular_price":18.7,"df_image_link":"https:\/\/mestraold.lleset.com\/wp-content\/uploads\/2021\/12\/Espatula-Agata-300x300.jpg","_links":{"self":[{"href":"https:\/\/mestraold.lleset.com\/fr\/wp-json\/wp\/v2\/product\/55887","targetHints":{"allow":["GET"]}}],"collection":[{"href":"https:\/\/mestraold.lleset.com\/fr\/wp-json\/wp\/v2\/product"}],"about":[{"href":"https:\/\/mestraold.lleset.com\/fr\/wp-json\/wp\/v2\/types\/product"}],"wp:featuredmedia":[{"embeddable":true,"href":"https:\/\/mestraold.lleset.com\/fr\/wp-json\/wp\/v2\/media\/20431"}],"wp:attachment":[{"href":"https:\/\/mestraold.lleset.com\/fr\/wp-json\/wp\/v2\/media?parent=55887"}],"wp:term":[{"taxonomy":"product_cat","embeddable":true,"href":"https:\/\/mestraold.lleset.com\/fr\/wp-json\/wp\/v2\/product_cat?post=55887"},{"taxonomy":"product_tag","embeddable":true,"href":"https:\/\/mestraold.lleset.com\/fr\/wp-json\/wp\/v2\/product_tag?post=55887"}],"curies":[{"name":"wp","href":"https:\/\/api.w.org\/{rel}","templated":true}]}}