{"id":55884,"date":"2023-03-05T11:17:08","date_gmt":"2023-03-18T12:15:14","guid":{"rendered":"https:\/\/mestra.migracionesbgweb.com\/producto\/coupeur-de-gelatine\/"},"modified":"2023-07-03T09:27:47","modified_gmt":"2023-07-03T07:27:47","slug":"coupeur-de-gelatine","status":"publish","type":"product","link":"https:\/\/mestraold.lleset.com\/fr\/produit\/coupeur-de-gelatine\/","title":{"rendered":"Coupeur de gelatine"},"content":{"rendered":"<p>Outil tr\u00e8s pratique permettant la pr\u00e9paration de la g\u00e9latine avant de la mettre dans la machine \u00e0 gel.  <\/p>\n<p>Fabriqu\u00e9 en acier inoxydable avec manche en plastique.  <\/p>\n<p><strong>IMPORTANT : ne jamais utiliser cet outil \u00e0 l\u2019int\u00e9rieur de la cuve du malaxeur de g\u00e9latine.<\/strong><\/p>\n","protected":false},"excerpt":{"rendered":"<p>Outil tr\u00e8s pratique permettant la pr\u00e9paration de la g\u00e9latine avant de la mettre dans la machine \u00e0 gel. Fabriqu\u00e9 en acier inoxydable avec manche en plastique. IMPORTANT : ne jamais utiliser cet outil \u00e0 l\u2019int\u00e9rieur de la cuve du malaxeur de g\u00e9latine.<\/p>\n","protected":false},"featured_media":20416,"template":"","meta":[],"product_cat":[202,217],"product_tag":[],"class_list":["post-55884","product","type-product","status-publish","has-post-thumbnail","hentry","product_cat-laboratoire","product_cat-soudure"],"acf":[],"df_price":58.47,"df_sale_price":"","df_regular_price":58.47,"df_image_link":"https:\/\/mestraold.lleset.com\/wp-content\/uploads\/2021\/12\/Cortador-de-gelatina-para-duplicado-300x225.jpg","_links":{"self":[{"href":"https:\/\/mestraold.lleset.com\/fr\/wp-json\/wp\/v2\/product\/55884","targetHints":{"allow":["GET"]}}],"collection":[{"href":"https:\/\/mestraold.lleset.com\/fr\/wp-json\/wp\/v2\/product"}],"about":[{"href":"https:\/\/mestraold.lleset.com\/fr\/wp-json\/wp\/v2\/types\/product"}],"wp:featuredmedia":[{"embeddable":true,"href":"https:\/\/mestraold.lleset.com\/fr\/wp-json\/wp\/v2\/media\/20416"}],"wp:attachment":[{"href":"https:\/\/mestraold.lleset.com\/fr\/wp-json\/wp\/v2\/media?parent=55884"}],"wp:term":[{"taxonomy":"product_cat","embeddable":true,"href":"https:\/\/mestraold.lleset.com\/fr\/wp-json\/wp\/v2\/product_cat?post=55884"},{"taxonomy":"product_tag","embeddable":true,"href":"https:\/\/mestraold.lleset.com\/fr\/wp-json\/wp\/v2\/product_tag?post=55884"}],"curies":[{"name":"wp","href":"https:\/\/api.w.org\/{rel}","templated":true}]}}