{"id":55883,"date":"2023-03-05T11:17:08","date_gmt":"2023-03-18T12:15:14","guid":{"rendered":"https:\/\/mestra.migracionesbgweb.com\/producto\/boite-pour-transporter-les-modeles\/"},"modified":"2023-07-03T11:39:59","modified_gmt":"2023-07-03T09:39:59","slug":"boite-pour-transporter-les-modeles","status":"publish","type":"product","link":"https:\/\/mestraold.lleset.com\/fr\/produit\/boite-pour-transporter-les-modeles\/","title":{"rendered":"Bo\u00eete pour transporter les modeles"},"content":{"rendered":"<p>Bo\u00eete pr\u00e9form\u00e9e id\u00e9ale pour le transport des mod\u00e8les et de petits objets (appareils d\u2019orthodontie, proth\u00e8ses, etc.) entre le laboratoire et le cabinet. <\/p>\n<p>Les principaux avantages du syst\u00e8me sont:<\/p>\n<ul>\n<li>La bo\u00eete contient tout: on n\u2019a pas besoin d\u2019ajouter du papier bulles, du ruban adh\u00e9sif ni aucun autre \u00e9l\u00e9ment auxiliaire d\u2019emballage.<\/li>\n<li>En peu de temps la bo\u00eete est pr\u00eate. Le montage est tr\u00e8s simple.<\/li>\n<li>La bo\u00eete est homologu\u00e9e pour le transport par la poste ou par agence de transports..<\/li>\n<li>La marchandise voyage suspendue moyennant un ing\u00e9nieux syst\u00e8me qui la prot\u00e8ge des coups, des vibrations et des mauvais traitements.<\/li>\n<li>L\u2019\u00e9lasticit\u00e9 du film d\u2019emballage permet de s\u2019adapter \u00e0 n\u2019importe quelle forme d\u2019objet \u00e0 transporter.<\/li>\n<li>L\u2019ouverture est imm\u00e9diate sans besoin de ciseaux d\u2019autres outils.<\/li>\n<li>Lorsque la bo\u00eete est d\u00e9pli\u00e9e, elle occupe tr\u00e8s peu d\u2019espace et peut se stocker n\u2019importe o\u00f9. (Elle occupe 10 fois moins de place qu\u2019une bo\u00eete d\u00e9j\u00e0 form\u00e9e). Dimensions ext\u00e9rieures: 180 x 102 x 59 mm.<\/li>\n<li>Ce syst\u00e8me permet diverses r\u00e9utilisations, ce qui en fait un emballage \u00e9cologique. Il est compos\u00e9 de plus de 30% de papier recycl\u00e9, et rentre dans les exigences Allemande RESY.environnementales requises par la norme.<\/li>\n<li>Bo\u00eete pour le transport des proth\u00e8ses (par 100).<\/li>\n<\/ul>\n<p>&nbsp;<\/p>\n\n<p>&nbsp;<\/p>\n","protected":false},"excerpt":{"rendered":"<p>100 unit\u00e9s<\/p>\n","protected":false},"featured_media":20395,"template":"","meta":[],"product_cat":[202],"product_tag":[],"class_list":["post-55883","product","type-product","status-publish","has-post-thumbnail","hentry","product_cat-laboratoire"],"acf":[],"df_price":208.28,"df_sale_price":"","df_regular_price":208.28,"df_image_link":"https:\/\/mestraold.lleset.com\/wp-content\/uploads\/2021\/12\/110000-J-Cajas-para-el-transporte-de-modelos-300x200.jpg","_links":{"self":[{"href":"https:\/\/mestraold.lleset.com\/fr\/wp-json\/wp\/v2\/product\/55883","targetHints":{"allow":["GET"]}}],"collection":[{"href":"https:\/\/mestraold.lleset.com\/fr\/wp-json\/wp\/v2\/product"}],"about":[{"href":"https:\/\/mestraold.lleset.com\/fr\/wp-json\/wp\/v2\/types\/product"}],"wp:featuredmedia":[{"embeddable":true,"href":"https:\/\/mestraold.lleset.com\/fr\/wp-json\/wp\/v2\/media\/20395"}],"wp:attachment":[{"href":"https:\/\/mestraold.lleset.com\/fr\/wp-json\/wp\/v2\/media?parent=55883"}],"wp:term":[{"taxonomy":"product_cat","embeddable":true,"href":"https:\/\/mestraold.lleset.com\/fr\/wp-json\/wp\/v2\/product_cat?post=55883"},{"taxonomy":"product_tag","embeddable":true,"href":"https:\/\/mestraold.lleset.com\/fr\/wp-json\/wp\/v2\/product_tag?post=55883"}],"curies":[{"name":"wp","href":"https:\/\/api.w.org\/{rel}","templated":true}]}}