{"id":55881,"date":"2023-03-05T11:17:08","date_gmt":"2023-03-18T12:15:14","guid":{"rendered":"https:\/\/mestra.migracionesbgweb.com\/producto\/boite-de-transport-petit-modele-29-x-29-x-24-cm-50-u\/"},"modified":"2023-03-18T13:15:28","modified_gmt":"2023-03-18T12:15:28","slug":"boite-de-transport-petit-modele-29-x-29-x-24-cm-50-u","status":"publish","type":"product","link":"https:\/\/mestraold.lleset.com\/fr\/produit\/boite-de-transport-petit-modele-29-x-29-x-24-cm-50-u\/","title":{"rendered":"Boite de transport &#8211; petit modele (2,9 x 2,9 x 2,4 cm) &#8211; 50 u."},"content":{"rendered":"<p>Petites boites de transport de proth\u00e8ses unitaires ou petits bridges.  <\/p>\n<p>L\u2019int\u00e9rieur est molletonn\u00e9 par une mousse qui prot\u00e8ge la proth\u00e8se.  <\/p>\n<p>Solution \u00e9conomique et efficace.<\/p>\n","protected":false},"excerpt":{"rendered":"<p>50 unit\u00e9s<\/p>\n","protected":false},"featured_media":20341,"template":"","meta":[],"product_cat":[202],"product_tag":[],"class_list":["post-55881","product","type-product","status-publish","has-post-thumbnail","hentry","product_cat-laboratoire"],"acf":[],"df_price":19.6,"df_sale_price":"","df_regular_price":19.6,"df_image_link":"https:\/\/mestraold.lleset.com\/wp-content\/uploads\/2021\/12\/Caja-de-transporte-pequena-300x300.jpg","_links":{"self":[{"href":"https:\/\/mestraold.lleset.com\/fr\/wp-json\/wp\/v2\/product\/55881","targetHints":{"allow":["GET"]}}],"collection":[{"href":"https:\/\/mestraold.lleset.com\/fr\/wp-json\/wp\/v2\/product"}],"about":[{"href":"https:\/\/mestraold.lleset.com\/fr\/wp-json\/wp\/v2\/types\/product"}],"wp:featuredmedia":[{"embeddable":true,"href":"https:\/\/mestraold.lleset.com\/fr\/wp-json\/wp\/v2\/media\/20341"}],"wp:attachment":[{"href":"https:\/\/mestraold.lleset.com\/fr\/wp-json\/wp\/v2\/media?parent=55881"}],"wp:term":[{"taxonomy":"product_cat","embeddable":true,"href":"https:\/\/mestraold.lleset.com\/fr\/wp-json\/wp\/v2\/product_cat?post=55881"},{"taxonomy":"product_tag","embeddable":true,"href":"https:\/\/mestraold.lleset.com\/fr\/wp-json\/wp\/v2\/product_tag?post=55881"}],"curies":[{"name":"wp","href":"https:\/\/api.w.org\/{rel}","templated":true}]}}