{"id":55870,"date":"2023-03-05T11:15:22","date_gmt":"2023-03-18T12:14:48","guid":{"rendered":"https:\/\/mestra.migracionesbgweb.com\/producto\/developpeur-manuel-acier-inox-avec-negatoscope\/"},"modified":"2023-07-03T09:56:09","modified_gmt":"2023-07-03T07:56:09","slug":"developpeur-manuel-acier-inox-avec-negatoscope","status":"publish","type":"product","link":"https:\/\/mestraold.lleset.com\/fr\/produit\/developpeur-manuel-acier-inox-avec-negatoscope\/","title":{"rendered":"Developpeur manuel acier inox avec negatoscope"},"content":{"rendered":"<p>Sa ligne harmonieuse et ses dimensions r\u00e9duites permettent de l\u2019installer dans n\u2019importe quel endroit de la pi\u00e8ce. <\/p>\n<p>Fabriqu\u00e9e en acier inoxydable 18\/8, r\u00e9siste aux sels du r\u00e9v\u00e9lateur.<\/p>\n<p>Un couvercle-filtre prot\u00e8ge l\u2019int\u00e9rieur de la lumi\u00e8re directe, et la lampe dont elle est munie permet de visualiser le processus de manipulation des radiographies. <\/p>\n<p>Le n\u00e9gatoscope permet une \u00e9conomie de temps et de d\u00e9placements au cours des diagnostics.<\/p>\n","protected":false},"excerpt":{"rendered":"<p>Sa ligne harmonieuse et ses dimensions r\u00e9duites permettent de l\u2019installer dans n\u2019importe quel endroit de la pi\u00e8ce. Fabriqu\u00e9e en acier inoxydable 18\/8, r\u00e9siste aux sels du r\u00e9v\u00e9lateur. Un couvercle-filtre prot\u00e8ge l\u2019int\u00e9rieur de la lumi\u00e8re directe, et la lampe dont elle est munie permet de visualiser le processus de manipulation des radiographies. Le n\u00e9gatoscope permet une [&hellip;]<\/p>\n","protected":false},"featured_media":20244,"template":"","meta":[],"product_cat":[181],"product_tag":[],"class_list":["post-55870","product","type-product","status-publish","has-post-thumbnail","hentry","product_cat-cabinet"],"acf":[],"df_price":578.5,"df_sale_price":"","df_regular_price":578.5,"df_image_link":"https:\/\/mestraold.lleset.com\/wp-content\/uploads\/2021\/12\/Reveladora-manual-con-negatoscopio-300x300.jpg","_links":{"self":[{"href":"https:\/\/mestraold.lleset.com\/fr\/wp-json\/wp\/v2\/product\/55870","targetHints":{"allow":["GET"]}}],"collection":[{"href":"https:\/\/mestraold.lleset.com\/fr\/wp-json\/wp\/v2\/product"}],"about":[{"href":"https:\/\/mestraold.lleset.com\/fr\/wp-json\/wp\/v2\/types\/product"}],"wp:featuredmedia":[{"embeddable":true,"href":"https:\/\/mestraold.lleset.com\/fr\/wp-json\/wp\/v2\/media\/20244"}],"wp:attachment":[{"href":"https:\/\/mestraold.lleset.com\/fr\/wp-json\/wp\/v2\/media?parent=55870"}],"wp:term":[{"taxonomy":"product_cat","embeddable":true,"href":"https:\/\/mestraold.lleset.com\/fr\/wp-json\/wp\/v2\/product_cat?post=55870"},{"taxonomy":"product_tag","embeddable":true,"href":"https:\/\/mestraold.lleset.com\/fr\/wp-json\/wp\/v2\/product_tag?post=55870"}],"curies":[{"name":"wp","href":"https:\/\/api.w.org\/{rel}","templated":true}]}}