{"id":55856,"date":"2023-03-05T11:13:29","date_gmt":"2023-03-18T12:14:21","guid":{"rendered":"https:\/\/mestra.migracionesbgweb.com\/producto\/negatoscope-400x200mm\/"},"modified":"2023-07-03T10:04:23","modified_gmt":"2023-07-03T08:04:23","slug":"negatoscope-400x200mm","status":"publish","type":"product","link":"https:\/\/mestraold.lleset.com\/fr\/produit\/negatoscope-400x200mm\/","title":{"rendered":"Negatoscope 400x200mm"},"content":{"rendered":"<p>Il peut \u00e9galement \u00eatre install\u00e9 horizontalement ou viss\u00e9 sur un mur.<\/p>\n<p>Ils est muni d\u00b4un syst\u00e8me de ressorts pour amortir le couvercle et retenir les plaques.<\/p>\n<p>Mesures: 400 x 200 mm.<\/p>\n","protected":false},"excerpt":{"rendered":"<p>Il peut \u00e9galement \u00eatre install\u00e9 horizontalement ou viss\u00e9 sur un mur. Ils est muni d\u00b4un syst\u00e8me de ressorts pour amortir le couvercle et retenir les plaques. Mesures: 400 x 200 mm.<\/p>\n","protected":false},"featured_media":20106,"template":"","meta":[],"product_cat":[181,190],"product_tag":[],"class_list":["post-55856","product","type-product","status-publish","has-post-thumbnail","hentry","product_cat-cabinet","product_cat-machines-cabinet"],"acf":[],"df_price":320.01,"df_sale_price":"","df_regular_price":320.01,"df_image_link":"https:\/\/mestraold.lleset.com\/wp-content\/uploads\/2021\/12\/622-NEGATOSCOPIO-300x300.jpg","_links":{"self":[{"href":"https:\/\/mestraold.lleset.com\/fr\/wp-json\/wp\/v2\/product\/55856","targetHints":{"allow":["GET"]}}],"collection":[{"href":"https:\/\/mestraold.lleset.com\/fr\/wp-json\/wp\/v2\/product"}],"about":[{"href":"https:\/\/mestraold.lleset.com\/fr\/wp-json\/wp\/v2\/types\/product"}],"wp:featuredmedia":[{"embeddable":true,"href":"https:\/\/mestraold.lleset.com\/fr\/wp-json\/wp\/v2\/media\/20106"}],"wp:attachment":[{"href":"https:\/\/mestraold.lleset.com\/fr\/wp-json\/wp\/v2\/media?parent=55856"}],"wp:term":[{"taxonomy":"product_cat","embeddable":true,"href":"https:\/\/mestraold.lleset.com\/fr\/wp-json\/wp\/v2\/product_cat?post=55856"},{"taxonomy":"product_tag","embeddable":true,"href":"https:\/\/mestraold.lleset.com\/fr\/wp-json\/wp\/v2\/product_tag?post=55856"}],"curies":[{"name":"wp","href":"https:\/\/api.w.org\/{rel}","templated":true}]}}