{"id":55855,"date":"2023-03-05T11:11:49","date_gmt":"2023-03-18T12:13:47","guid":{"rendered":"https:\/\/mestra.migracionesbgweb.com\/producto\/compas-depaisseur-digitale-pour-couronnes\/"},"modified":"2023-07-03T10:53:02","modified_gmt":"2023-07-03T08:53:02","slug":"compas-depaisseur-digitale-pour-couronnes","status":"publish","type":"product","link":"https:\/\/mestraold.lleset.com\/fr\/produit\/compas-depaisseur-digitale-pour-couronnes\/","title":{"rendered":"Compas d&rsquo;epaisseur Digitale pour couronnes"},"content":{"rendered":"<p>Rapide et pr\u00e9cis.  <\/p>\n<p>Lecture directe avec une r\u00e9solution de 0,01 g.  <\/p>\n<p>Bouton de mise \u00e0 zero et posibilite de lectures en pouces.<\/p>\n","protected":false},"excerpt":{"rendered":"<p>Rapide et pr\u00e9cis. Lecture directe avec une r\u00e9solution de 0,01 g. Bouton de mise \u00e0 zero et posibilite de lectures en pouces.<\/p>\n","protected":false},"featured_media":20093,"template":"","meta":[],"product_cat":[202],"product_tag":[],"class_list":["post-55855","product","type-product","status-publish","has-post-thumbnail","hentry","product_cat-laboratoire"],"acf":[],"df_price":191.08,"df_sale_price":"","df_regular_price":191.08,"df_image_link":"https:\/\/mestraold.lleset.com\/wp-content\/uploads\/2021\/12\/Calibrador-de-coronas-digital-300x300.jpg","_links":{"self":[{"href":"https:\/\/mestraold.lleset.com\/fr\/wp-json\/wp\/v2\/product\/55855","targetHints":{"allow":["GET"]}}],"collection":[{"href":"https:\/\/mestraold.lleset.com\/fr\/wp-json\/wp\/v2\/product"}],"about":[{"href":"https:\/\/mestraold.lleset.com\/fr\/wp-json\/wp\/v2\/types\/product"}],"wp:featuredmedia":[{"embeddable":true,"href":"https:\/\/mestraold.lleset.com\/fr\/wp-json\/wp\/v2\/media\/20093"}],"wp:attachment":[{"href":"https:\/\/mestraold.lleset.com\/fr\/wp-json\/wp\/v2\/media?parent=55855"}],"wp:term":[{"taxonomy":"product_cat","embeddable":true,"href":"https:\/\/mestraold.lleset.com\/fr\/wp-json\/wp\/v2\/product_cat?post=55855"},{"taxonomy":"product_tag","embeddable":true,"href":"https:\/\/mestraold.lleset.com\/fr\/wp-json\/wp\/v2\/product_tag?post=55855"}],"curies":[{"name":"wp","href":"https:\/\/api.w.org\/{rel}","templated":true}]}}