{"id":55854,"date":"2023-03-05T11:11:49","date_gmt":"2023-03-18T12:13:47","guid":{"rendered":"https:\/\/mestra.migracionesbgweb.com\/producto\/compas-depaisseur-analogique-pour-couronnes\/"},"modified":"2023-07-03T10:52:53","modified_gmt":"2023-07-03T08:52:53","slug":"compas-depaisseur-analogique-pour-couronnes","status":"publish","type":"product","link":"https:\/\/mestraold.lleset.com\/fr\/produit\/compas-depaisseur-analogique-pour-couronnes\/","title":{"rendered":"Compas d&rsquo;epaisseur analogique pour couronnes"},"content":{"rendered":"<p>Instrument de pr\u00e9cision pour la mesure des \u00e9paisseurs.  <\/p>\n<p>Cadran de pr\u00e9cision \u00e0 lecture ais\u00e9e jusqu\u2019aux centi\u00e8mes de millim\u00e8tre.<\/p>\n","protected":false},"excerpt":{"rendered":"<p>Instrument de pr\u00e9cision pour la mesure des \u00e9paisseurs. Cadran de pr\u00e9cision \u00e0 lecture ais\u00e9e jusqu\u2019aux centi\u00e8mes de millim\u00e8tre.<\/p>\n","protected":false},"featured_media":20088,"template":"","meta":[],"product_cat":[202],"product_tag":[],"class_list":["post-55854","product","type-product","status-publish","has-post-thumbnail","hentry","product_cat-laboratoire"],"acf":[],"df_price":109.28,"df_sale_price":"","df_regular_price":109.28,"df_image_link":"https:\/\/mestraold.lleset.com\/wp-content\/uploads\/2021\/12\/Medidor-de-coronas-analogico-201x300.jpg","_links":{"self":[{"href":"https:\/\/mestraold.lleset.com\/fr\/wp-json\/wp\/v2\/product\/55854","targetHints":{"allow":["GET"]}}],"collection":[{"href":"https:\/\/mestraold.lleset.com\/fr\/wp-json\/wp\/v2\/product"}],"about":[{"href":"https:\/\/mestraold.lleset.com\/fr\/wp-json\/wp\/v2\/types\/product"}],"wp:featuredmedia":[{"embeddable":true,"href":"https:\/\/mestraold.lleset.com\/fr\/wp-json\/wp\/v2\/media\/20088"}],"wp:attachment":[{"href":"https:\/\/mestraold.lleset.com\/fr\/wp-json\/wp\/v2\/media?parent=55854"}],"wp:term":[{"taxonomy":"product_cat","embeddable":true,"href":"https:\/\/mestraold.lleset.com\/fr\/wp-json\/wp\/v2\/product_cat?post=55854"},{"taxonomy":"product_tag","embeddable":true,"href":"https:\/\/mestraold.lleset.com\/fr\/wp-json\/wp\/v2\/product_tag?post=55854"}],"curies":[{"name":"wp","href":"https:\/\/api.w.org\/{rel}","templated":true}]}}