{"id":55853,"date":"2023-03-05T11:11:49","date_gmt":"2023-03-18T12:13:47","guid":{"rendered":"https:\/\/mestra.migracionesbgweb.com\/producto\/loupe-avec-monture-1-5x-2-0x-2-5x-3-5x\/"},"modified":"2023-07-03T10:52:06","modified_gmt":"2023-07-03T08:52:06","slug":"loupe-avec-monture-1-5x-2-0x-2-5x-3-5x","status":"publish","type":"product","link":"https:\/\/mestraold.lleset.com\/fr\/produit\/loupe-avec-monture-1-5x-2-0x-2-5x-3-5x\/","title":{"rendered":"Loupe avec monture 1.5x \/ 2.0x \/ 2.5x \/ 3.5x"},"content":{"rendered":"<p>L\u00e9g\u00e8re, \u00e9conomique, simple et pratique d\u2019utilisation, elle est l\u2019outil id\u00e9al pour la pratique occasionnelle de travail qui requiert un certain niveau de pr\u00e9cision.<\/p>\n","protected":false},"excerpt":{"rendered":"<p>L\u00e9g\u00e8re, \u00e9conomique, simple et pratique d\u2019utilisation, elle est l\u2019outil id\u00e9al pour la pratique occasionnelle de travail qui requiert un certain niveau de pr\u00e9cision.<\/p>\n","protected":false},"featured_media":20083,"template":"","meta":[],"product_cat":[229,202],"product_tag":[],"class_list":["post-55853","product","type-product","status-publish","has-post-thumbnail","hentry","product_cat-eclairage","product_cat-laboratoire"],"acf":[],"df_price":61.24,"df_sale_price":"","df_regular_price":61.24,"df_image_link":"https:\/\/mestraold.lleset.com\/wp-content\/uploads\/2021\/12\/Lupa-de-aumento-con-montura-300x300.jpg","_links":{"self":[{"href":"https:\/\/mestraold.lleset.com\/fr\/wp-json\/wp\/v2\/product\/55853","targetHints":{"allow":["GET"]}}],"collection":[{"href":"https:\/\/mestraold.lleset.com\/fr\/wp-json\/wp\/v2\/product"}],"about":[{"href":"https:\/\/mestraold.lleset.com\/fr\/wp-json\/wp\/v2\/types\/product"}],"wp:featuredmedia":[{"embeddable":true,"href":"https:\/\/mestraold.lleset.com\/fr\/wp-json\/wp\/v2\/media\/20083"}],"wp:attachment":[{"href":"https:\/\/mestraold.lleset.com\/fr\/wp-json\/wp\/v2\/media?parent=55853"}],"wp:term":[{"taxonomy":"product_cat","embeddable":true,"href":"https:\/\/mestraold.lleset.com\/fr\/wp-json\/wp\/v2\/product_cat?post=55853"},{"taxonomy":"product_tag","embeddable":true,"href":"https:\/\/mestraold.lleset.com\/fr\/wp-json\/wp\/v2\/product_tag?post=55853"}],"curies":[{"name":"wp","href":"https:\/\/api.w.org\/{rel}","templated":true}]}}