{"id":55851,"date":"2023-03-05T11:11:49","date_gmt":"2023-03-18T12:13:47","guid":{"rendered":"https:\/\/mestra.migracionesbgweb.com\/producto\/loupe-frontale-avec-lumiere-type-ii\/"},"modified":"2023-03-18T13:14:06","modified_gmt":"2023-03-18T12:14:06","slug":"loupe-frontale-avec-lumiere-type-ii","status":"publish","type":"product","link":"https:\/\/mestraold.lleset.com\/fr\/produit\/loupe-frontale-avec-lumiere-type-ii\/","title":{"rendered":"Loupe frontale avec lumiere type ii"},"content":{"rendered":"<p>Son syst\u00e8me de fixation ajustable \u00e0 la t\u00eate permet d\u2019avoir les mains libres pour travailler.<\/p>\n<p>Elle est fournie avec des verres tr\u00e8s transparents \u00e0 faible absorption de la lumi\u00e8re.<\/p>\n<p>Con\u00e7ues pour pouvoir \u00eatre port\u00e9e en m\u00eame temps que des lunettes.<\/p>\n<p>Tr\u00e8s l\u00e9g\u00e8re avec un grossissement de 1.8X et 2.3X.<\/p>\n<p>Gr\u00e2ce \u00e0 une loupe additionnelle escamotable on parvient \u00e0 des grossissements de 3.7X et 4.8X.<\/p>\n","protected":false},"excerpt":{"rendered":"<p>Son syst\u00e8me de fixation ajustable \u00e0 la t\u00eate permet d\u2019avoir les mains libres pour travailler. Elle est fournie avec des verres tr\u00e8s transparents \u00e0 faible absorption de la lumi\u00e8re. Con\u00e7ues pour pouvoir \u00eatre port\u00e9e en m\u00eame temps que des lunettes. Tr\u00e8s l\u00e9g\u00e8re avec un grossissement de 1.8X et 2.3X. Gr\u00e2ce \u00e0 une loupe additionnelle escamotable [&hellip;]<\/p>\n","protected":false},"featured_media":20073,"template":"","meta":[],"product_cat":[229,202],"product_tag":[],"class_list":["post-55851","product","type-product","status-publish","has-post-thumbnail","hentry","product_cat-eclairage","product_cat-laboratoire"],"acf":[],"df_price":99.13,"df_sale_price":"","df_regular_price":99.13,"df_image_link":"https:\/\/mestraold.lleset.com\/wp-content\/uploads\/2021\/12\/Lupa-de-aumento-Iluminacion-lateral-300x300.jpg","_links":{"self":[{"href":"https:\/\/mestraold.lleset.com\/fr\/wp-json\/wp\/v2\/product\/55851","targetHints":{"allow":["GET"]}}],"collection":[{"href":"https:\/\/mestraold.lleset.com\/fr\/wp-json\/wp\/v2\/product"}],"about":[{"href":"https:\/\/mestraold.lleset.com\/fr\/wp-json\/wp\/v2\/types\/product"}],"wp:featuredmedia":[{"embeddable":true,"href":"https:\/\/mestraold.lleset.com\/fr\/wp-json\/wp\/v2\/media\/20073"}],"wp:attachment":[{"href":"https:\/\/mestraold.lleset.com\/fr\/wp-json\/wp\/v2\/media?parent=55851"}],"wp:term":[{"taxonomy":"product_cat","embeddable":true,"href":"https:\/\/mestraold.lleset.com\/fr\/wp-json\/wp\/v2\/product_cat?post=55851"},{"taxonomy":"product_tag","embeddable":true,"href":"https:\/\/mestraold.lleset.com\/fr\/wp-json\/wp\/v2\/product_tag?post=55851"}],"curies":[{"name":"wp","href":"https:\/\/api.w.org\/{rel}","templated":true}]}}