{"id":55850,"date":"2023-03-05T11:11:49","date_gmt":"2023-03-18T12:13:47","guid":{"rendered":"https:\/\/mestra.migracionesbgweb.com\/producto\/loupe-frontale-avec-eclairage-frontal\/"},"modified":"2023-05-08T13:47:10","modified_gmt":"2023-05-08T11:47:10","slug":"loupe-frontale-avec-eclairage-frontal","status":"publish","type":"product","link":"https:\/\/mestraold.lleset.com\/fr\/produit\/loupe-frontale-avec-eclairage-frontal\/","title":{"rendered":"Loupe frontale avec eclairage frontal"},"content":{"rendered":"<p>Son syst\u00e8me de fixation ajustable \u00e0 la t\u00eate permet d\u2019avoir les mains libres pour travailler.<\/p>\n<p>Elle est fournie avec des verres tr\u00e8s transparents \u00e0 faible absorption de la lumi\u00e8re.<\/p>\n<p>Con\u00e7ues pour pouvoir \u00eatre port\u00e9e en m\u00eame temps que des lunettes.<\/p>\n<p>Tr\u00e8s confortable gr\u00e2ce \u00e0 sa bande \u00e9lastique ajustable \u00e0 la t\u00eate.<\/p>\n","protected":false},"excerpt":{"rendered":"<p>Son syst\u00e8me de fixation ajustable \u00e0 la t\u00eate permet d\u2019avoir les mains libres pour travailler. Elle est fournie avec des verres tr\u00e8s transparents \u00e0 faible absorption de la lumi\u00e8re. Con\u00e7ues pour pouvoir \u00eatre port\u00e9e en m\u00eame temps que des lunettes. Tr\u00e8s confortable gr\u00e2ce \u00e0 sa bande \u00e9lastique ajustable \u00e0 la t\u00eate.<\/p>\n","protected":false},"featured_media":60618,"template":"","meta":[],"product_cat":[229,202],"product_tag":[],"class_list":["post-55850","product","type-product","status-publish","has-post-thumbnail","hentry","product_cat-eclairage","product_cat-laboratoire"],"acf":[],"df_price":122.99,"df_sale_price":"","df_regular_price":122.99,"df_image_link":"https:\/\/mestraold.lleset.com\/wp-content\/uploads\/2023\/11\/100079-Lupas-300x300.jpg","_links":{"self":[{"href":"https:\/\/mestraold.lleset.com\/fr\/wp-json\/wp\/v2\/product\/55850","targetHints":{"allow":["GET"]}}],"collection":[{"href":"https:\/\/mestraold.lleset.com\/fr\/wp-json\/wp\/v2\/product"}],"about":[{"href":"https:\/\/mestraold.lleset.com\/fr\/wp-json\/wp\/v2\/types\/product"}],"wp:featuredmedia":[{"embeddable":true,"href":"https:\/\/mestraold.lleset.com\/fr\/wp-json\/wp\/v2\/media\/60618"}],"wp:attachment":[{"href":"https:\/\/mestraold.lleset.com\/fr\/wp-json\/wp\/v2\/media?parent=55850"}],"wp:term":[{"taxonomy":"product_cat","embeddable":true,"href":"https:\/\/mestraold.lleset.com\/fr\/wp-json\/wp\/v2\/product_cat?post=55850"},{"taxonomy":"product_tag","embeddable":true,"href":"https:\/\/mestraold.lleset.com\/fr\/wp-json\/wp\/v2\/product_tag?post=55850"}],"curies":[{"name":"wp","href":"https:\/\/api.w.org\/{rel}","templated":true}]}}