{"id":55847,"date":"2023-03-05T11:11:49","date_gmt":"2023-03-18T12:13:47","guid":{"rendered":"https:\/\/mestra.migracionesbgweb.com\/producto\/decontaminateur-de-fraises\/"},"modified":"2023-07-03T20:25:24","modified_gmt":"2023-07-03T18:25:24","slug":"decontaminateur-de-fraises","status":"publish","type":"product","link":"https:\/\/mestraold.lleset.com\/fr\/produit\/decontaminateur-de-fraises\/","title":{"rendered":"Decontaminateur de fraises"},"content":{"rendered":"<p>Permet un nettoyage rapide et pratique des fraises dentaires. <\/p>\n<p>Le produit est compos\u00e9 de trois \u00e9l\u00e9ments en acier inoxydable: une petite cuve; un panier pour le placement des fraises; un couvercle avec une fente.<\/p>\n","protected":false},"excerpt":{"rendered":"<p>Permet un nettoyage rapide et pratique des fraises dentaires. Le produit est compos\u00e9 de trois \u00e9l\u00e9ments en acier inoxydable: une petite cuve; un panier pour le placement des fraises; un couvercle avec une fente.<\/p>\n","protected":false},"featured_media":20023,"template":"","meta":[],"product_cat":[181],"product_tag":[],"class_list":["post-55847","product","type-product","status-publish","has-post-thumbnail","hentry","product_cat-cabinet"],"acf":[],"df_price":28.56,"df_sale_price":28.56,"df_regular_price":51.93,"df_image_link":"https:\/\/mestraold.lleset.com\/wp-content\/uploads\/2021\/12\/Descontaminador-de-fresas-300x225.jpg","_links":{"self":[{"href":"https:\/\/mestraold.lleset.com\/fr\/wp-json\/wp\/v2\/product\/55847","targetHints":{"allow":["GET"]}}],"collection":[{"href":"https:\/\/mestraold.lleset.com\/fr\/wp-json\/wp\/v2\/product"}],"about":[{"href":"https:\/\/mestraold.lleset.com\/fr\/wp-json\/wp\/v2\/types\/product"}],"wp:featuredmedia":[{"embeddable":true,"href":"https:\/\/mestraold.lleset.com\/fr\/wp-json\/wp\/v2\/media\/20023"}],"wp:attachment":[{"href":"https:\/\/mestraold.lleset.com\/fr\/wp-json\/wp\/v2\/media?parent=55847"}],"wp:term":[{"taxonomy":"product_cat","embeddable":true,"href":"https:\/\/mestraold.lleset.com\/fr\/wp-json\/wp\/v2\/product_cat?post=55847"},{"taxonomy":"product_tag","embeddable":true,"href":"https:\/\/mestraold.lleset.com\/fr\/wp-json\/wp\/v2\/product_tag?post=55847"}],"curies":[{"name":"wp","href":"https:\/\/api.w.org\/{rel}","templated":true}]}}