{"id":55846,"date":"2023-03-05T11:11:49","date_gmt":"2023-03-18T12:13:47","guid":{"rendered":"https:\/\/mestra.migracionesbgweb.com\/producto\/cueillere-doseur\/"},"modified":"2023-07-03T11:04:39","modified_gmt":"2023-07-03T09:04:39","slug":"cueillere-doseur","status":"publish","type":"product","link":"https:\/\/mestraold.lleset.com\/fr\/produit\/cueillere-doseur\/","title":{"rendered":"Cueillere doseur"},"content":{"rendered":"<p>Pratique instrument \u00e0 un prix tr\u00e8s \u00e9conomique con\u00e7u sp\u00e9cialement pour le dosage des pl\u00e2tres et autres mat\u00e9riaux dentaires.  <\/p>\n<p>Sa capacit\u00e9 est de 500 g.  <\/p>\n<p>La cuill\u00e8re peut \u00eatre programm\u00e9e pour les proportions eau\/pl\u00e2tre (ou autres produits) d\u00e9termin\u00e9e par l\u2019utilisateur.  Son fonctionnement est tr\u00e8s simple: On remplit la cuill\u00e8re avec le mat\u00e9riau et son poids appara\u00eet instantan\u00e9ment sur le display.  Puis on actionne le bouton de proportion et dans le display appara\u00eetra alors instantan\u00e9ment quelle est la proportion d\u2019eau correspondante au poids du produit dans la cuill\u00e8re.  On obtient ainsi un dosage exact et imm\u00e9diat.<\/p>\n<p>APRES ESSAI: R\u00e9alisez une \u00e9conomie de 20 \u00e0 40% de pl\u00e2tre.<\/p>\n","protected":false},"excerpt":{"rendered":"<p>Pratique instrument \u00e0 un prix tr\u00e8s \u00e9conomique con\u00e7u sp\u00e9cialement pour le dosage des pl\u00e2tres et autres mat\u00e9riaux dentaires. Sa capacit\u00e9 est de 500 g. La cuill\u00e8re peut \u00eatre programm\u00e9e pour les proportions eau\/pl\u00e2tre (ou autres produits) d\u00e9termin\u00e9e par l\u2019utilisateur. Son fonctionnement est tr\u00e8s simple: On remplit la cuill\u00e8re avec le mat\u00e9riau et son poids appara\u00eet [&hellip;]<\/p>\n","protected":false},"featured_media":20018,"template":"","meta":[],"product_cat":[202],"product_tag":[],"class_list":["post-55846","product","type-product","status-publish","has-post-thumbnail","hentry","product_cat-laboratoire"],"acf":[],"df_price":28.98,"df_sale_price":"","df_regular_price":28.98,"df_image_link":"https:\/\/mestraold.lleset.com\/wp-content\/uploads\/2021\/12\/Cuchara-dosificadora-300x300.jpg","_links":{"self":[{"href":"https:\/\/mestraold.lleset.com\/fr\/wp-json\/wp\/v2\/product\/55846","targetHints":{"allow":["GET"]}}],"collection":[{"href":"https:\/\/mestraold.lleset.com\/fr\/wp-json\/wp\/v2\/product"}],"about":[{"href":"https:\/\/mestraold.lleset.com\/fr\/wp-json\/wp\/v2\/types\/product"}],"wp:featuredmedia":[{"embeddable":true,"href":"https:\/\/mestraold.lleset.com\/fr\/wp-json\/wp\/v2\/media\/20018"}],"wp:attachment":[{"href":"https:\/\/mestraold.lleset.com\/fr\/wp-json\/wp\/v2\/media?parent=55846"}],"wp:term":[{"taxonomy":"product_cat","embeddable":true,"href":"https:\/\/mestraold.lleset.com\/fr\/wp-json\/wp\/v2\/product_cat?post=55846"},{"taxonomy":"product_tag","embeddable":true,"href":"https:\/\/mestraold.lleset.com\/fr\/wp-json\/wp\/v2\/product_tag?post=55846"}],"curies":[{"name":"wp","href":"https:\/\/api.w.org\/{rel}","templated":true}]}}