{"id":55844,"date":"2023-03-05T11:10:07","date_gmt":"2023-03-18T12:13:19","guid":{"rendered":"https:\/\/mestra.migracionesbgweb.com\/producto\/boite-de-rangement-6-modeles-horizontaux\/"},"modified":"2023-07-03T09:46:51","modified_gmt":"2023-07-03T07:46:51","slug":"boite-de-rangement-6-modeles-horizontaux","status":"publish","type":"product","link":"https:\/\/mestraold.lleset.com\/fr\/produit\/boite-de-rangement-6-modeles-horizontaux\/","title":{"rendered":"Boite de rangement 6 modeles horizontaux"},"content":{"rendered":"<p>Boite en carton avec int\u00e9rieur en plastique moul\u00e9 et compartiment\u00e9.<\/p>\n<p>6 mode\u0300les horizontaux.<\/p>\n","protected":false},"excerpt":{"rendered":"<p>Boite en carton avec int\u00e9rieur en plastique moul\u00e9 et compartiment\u00e9. 6 mode\u0300les horizontaux.<\/p>\n","protected":false},"featured_media":19956,"template":"","meta":[],"product_cat":[181],"product_tag":[],"class_list":["post-55844","product","type-product","status-publish","has-post-thumbnail","hentry","product_cat-cabinet"],"acf":[],"df_price":12.26,"df_sale_price":"","df_regular_price":12.26,"df_image_link":"https:\/\/mestraold.lleset.com\/wp-content\/uploads\/2021\/12\/Contenedor-para-modelos-horizontales-300x300.jpg","_links":{"self":[{"href":"https:\/\/mestraold.lleset.com\/fr\/wp-json\/wp\/v2\/product\/55844","targetHints":{"allow":["GET"]}}],"collection":[{"href":"https:\/\/mestraold.lleset.com\/fr\/wp-json\/wp\/v2\/product"}],"about":[{"href":"https:\/\/mestraold.lleset.com\/fr\/wp-json\/wp\/v2\/types\/product"}],"wp:featuredmedia":[{"embeddable":true,"href":"https:\/\/mestraold.lleset.com\/fr\/wp-json\/wp\/v2\/media\/19956"}],"wp:attachment":[{"href":"https:\/\/mestraold.lleset.com\/fr\/wp-json\/wp\/v2\/media?parent=55844"}],"wp:term":[{"taxonomy":"product_cat","embeddable":true,"href":"https:\/\/mestraold.lleset.com\/fr\/wp-json\/wp\/v2\/product_cat?post=55844"},{"taxonomy":"product_tag","embeddable":true,"href":"https:\/\/mestraold.lleset.com\/fr\/wp-json\/wp\/v2\/product_tag?post=55844"}],"curies":[{"name":"wp","href":"https:\/\/api.w.org\/{rel}","templated":true}]}}