{"id":55843,"date":"2023-03-05T11:10:07","date_gmt":"2023-03-18T12:13:19","guid":{"rendered":"https:\/\/mestra.migracionesbgweb.com\/producto\/pied-a-coulisse-a-pointes\/"},"modified":"2023-07-03T10:53:11","modified_gmt":"2023-07-03T08:53:11","slug":"pied-a-coulisse-a-pointes","status":"publish","type":"product","link":"https:\/\/mestraold.lleset.com\/fr\/produit\/pied-a-coulisse-a-pointes\/","title":{"rendered":"Pied a coulisse a pointes"},"content":{"rendered":"<p>Indispensable por les travaux de pr\u00e9cision au cabinet et au laboratoire.  <\/p>\n<p>Il est dot\u00e9 d\u2019un bouton de remise \u00e0 z\u00e9ro ; bus de sortie pour enregistrer les mesures sur un ordinateur externe ; possibilit\u00e9 de lecture en pouces.<\/p>\n","protected":false},"excerpt":{"rendered":"<p>Indispensable por les travaux de pr\u00e9cision au cabinet et au laboratoire. Il est dot\u00e9 d\u2019un bouton de remise \u00e0 z\u00e9ro ; bus de sortie pour enregistrer les mesures sur un ordinateur externe ; possibilit\u00e9 de lecture en pouces.<\/p>\n","protected":false},"featured_media":19951,"template":"","meta":[],"product_cat":[202],"product_tag":[],"class_list":["post-55843","product","type-product","status-publish","has-post-thumbnail","hentry","product_cat-laboratoire"],"acf":[],"df_price":96.52,"df_sale_price":"","df_regular_price":96.52,"df_image_link":"https:\/\/mestraold.lleset.com\/wp-content\/uploads\/2021\/12\/Calibre-de-puntas-digital-300x300.jpg","_links":{"self":[{"href":"https:\/\/mestraold.lleset.com\/fr\/wp-json\/wp\/v2\/product\/55843","targetHints":{"allow":["GET"]}}],"collection":[{"href":"https:\/\/mestraold.lleset.com\/fr\/wp-json\/wp\/v2\/product"}],"about":[{"href":"https:\/\/mestraold.lleset.com\/fr\/wp-json\/wp\/v2\/types\/product"}],"wp:featuredmedia":[{"embeddable":true,"href":"https:\/\/mestraold.lleset.com\/fr\/wp-json\/wp\/v2\/media\/19951"}],"wp:attachment":[{"href":"https:\/\/mestraold.lleset.com\/fr\/wp-json\/wp\/v2\/media?parent=55843"}],"wp:term":[{"taxonomy":"product_cat","embeddable":true,"href":"https:\/\/mestraold.lleset.com\/fr\/wp-json\/wp\/v2\/product_cat?post=55843"},{"taxonomy":"product_tag","embeddable":true,"href":"https:\/\/mestraold.lleset.com\/fr\/wp-json\/wp\/v2\/product_tag?post=55843"}],"curies":[{"name":"wp","href":"https:\/\/api.w.org\/{rel}","templated":true}]}}