{"id":55840,"date":"2023-03-05T11:10:07","date_gmt":"2023-03-18T12:13:19","guid":{"rendered":"https:\/\/mestra.migracionesbgweb.com\/producto\/boite-a-prothese-avec-egouttoir-4-u\/"},"modified":"2023-07-03T11:04:28","modified_gmt":"2023-07-03T09:04:28","slug":"boite-a-prothese-avec-egouttoir-4-u","status":"publish","type":"product","link":"https:\/\/mestraold.lleset.com\/fr\/produit\/boite-a-prothese-avec-egouttoir-4-u\/","title":{"rendered":"Boite a prothese avec egouttoir (4 u.)"},"content":{"rendered":"<p>Con\u00e7ue pour la d\u00e9sinfection et le nettoyage des proth\u00e8ses. <\/p>\n<p>Gr\u00e2ce \u00e0 son \u00e9gouttoir, l&rsquo;extraction de la proth\u00e8se est hygi\u00e9nique car il n&rsquo;y a pas de contact avec le liquide. <\/p>\n<p>La qualit\u00e9 des mat\u00e9riaux utilis\u00e9s permet un nettoyage rapide et efficace.<\/p>\n<p>4 unit\u00e9s.<\/p>\n","protected":false},"excerpt":{"rendered":"<p>Con\u00e7ue pour la d\u00e9sinfection et le nettoyage des proth\u00e8ses. Gr\u00e2ce \u00e0 son \u00e9gouttoir, l&rsquo;extraction de la proth\u00e8se est hygi\u00e9nique car il n&rsquo;y a pas de contact avec le liquide. La qualit\u00e9 des mat\u00e9riaux utilis\u00e9s permet un nettoyage rapide et efficace. 4 unit\u00e9s.<\/p>\n","protected":false},"featured_media":19907,"template":"","meta":[],"product_cat":[202],"product_tag":[],"class_list":["post-55840","product","type-product","status-publish","has-post-thumbnail","hentry","product_cat-laboratoire"],"acf":[],"df_price":21.3,"df_sale_price":"","df_regular_price":21.3,"df_image_link":"https:\/\/mestraold.lleset.com\/wp-content\/uploads\/2021\/12\/Caja-para-protesis-con-escurridera-300x300.jpg","_links":{"self":[{"href":"https:\/\/mestraold.lleset.com\/fr\/wp-json\/wp\/v2\/product\/55840","targetHints":{"allow":["GET"]}}],"collection":[{"href":"https:\/\/mestraold.lleset.com\/fr\/wp-json\/wp\/v2\/product"}],"about":[{"href":"https:\/\/mestraold.lleset.com\/fr\/wp-json\/wp\/v2\/types\/product"}],"wp:featuredmedia":[{"embeddable":true,"href":"https:\/\/mestraold.lleset.com\/fr\/wp-json\/wp\/v2\/media\/19907"}],"wp:attachment":[{"href":"https:\/\/mestraold.lleset.com\/fr\/wp-json\/wp\/v2\/media?parent=55840"}],"wp:term":[{"taxonomy":"product_cat","embeddable":true,"href":"https:\/\/mestraold.lleset.com\/fr\/wp-json\/wp\/v2\/product_cat?post=55840"},{"taxonomy":"product_tag","embeddable":true,"href":"https:\/\/mestraold.lleset.com\/fr\/wp-json\/wp\/v2\/product_tag?post=55840"}],"curies":[{"name":"wp","href":"https:\/\/api.w.org\/{rel}","templated":true}]}}