{"id":55834,"date":"2023-03-05T11:08:27","date_gmt":"2023-03-18T12:12:51","guid":{"rendered":"https:\/\/mestra.migracionesbgweb.com\/producto\/boite-de-transport-et-de-nettoyage\/"},"modified":"2023-07-03T11:04:19","modified_gmt":"2023-07-03T09:04:19","slug":"boite-de-transport-et-de-nettoyage","status":"publish","type":"product","link":"https:\/\/mestraold.lleset.com\/fr\/produit\/boite-de-transport-et-de-nettoyage\/","title":{"rendered":"Boite de transport et de nettoyage"},"content":{"rendered":"<p>Tr\u00e8s pratique. <\/p>\n<p>On peut immerger la proth\u00e8se dans une solution d\u00e9sinfectante. <\/p>\n<p>Un joint en caoutchouc et une fermeture de s\u00e9curit\u00e9 assure l\u2019\u00e9tanch\u00e9it\u00e9 de la boite pendant son transport. <\/p>\n<p>La boite est \u00e9quip\u00e9e d\u2019une brossette de nettoyage et d\u2019un miroir de courtoisie.<\/p>\n","protected":false},"excerpt":{"rendered":"<p>Tr\u00e8s pratique. On peut immerger la proth\u00e8se dans une solution d\u00e9sinfectante. Un joint en caoutchouc et une fermeture de s\u00e9curit\u00e9 assure l\u2019\u00e9tanch\u00e9it\u00e9 de la boite pendant son transport. La boite est \u00e9quip\u00e9e d\u2019une brossette de nettoyage et d\u2019un miroir de courtoisie.<\/p>\n","protected":false},"featured_media":19851,"template":"","meta":[],"product_cat":[181,202],"product_tag":[],"class_list":["post-55834","product","type-product","status-publish","has-post-thumbnail","hentry","product_cat-cabinet","product_cat-laboratoire"],"acf":[],"df_price":10.62,"df_sale_price":"","df_regular_price":10.62,"df_image_link":"https:\/\/mestraold.lleset.com\/wp-content\/uploads\/2021\/12\/Caja-de-transporte-y-limpieza-295x300.jpg","_links":{"self":[{"href":"https:\/\/mestraold.lleset.com\/fr\/wp-json\/wp\/v2\/product\/55834","targetHints":{"allow":["GET"]}}],"collection":[{"href":"https:\/\/mestraold.lleset.com\/fr\/wp-json\/wp\/v2\/product"}],"about":[{"href":"https:\/\/mestraold.lleset.com\/fr\/wp-json\/wp\/v2\/types\/product"}],"wp:featuredmedia":[{"embeddable":true,"href":"https:\/\/mestraold.lleset.com\/fr\/wp-json\/wp\/v2\/media\/19851"}],"wp:attachment":[{"href":"https:\/\/mestraold.lleset.com\/fr\/wp-json\/wp\/v2\/media?parent=55834"}],"wp:term":[{"taxonomy":"product_cat","embeddable":true,"href":"https:\/\/mestraold.lleset.com\/fr\/wp-json\/wp\/v2\/product_cat?post=55834"},{"taxonomy":"product_tag","embeddable":true,"href":"https:\/\/mestraold.lleset.com\/fr\/wp-json\/wp\/v2\/product_tag?post=55834"}],"curies":[{"name":"wp","href":"https:\/\/api.w.org\/{rel}","templated":true}]}}