{"id":55831,"date":"2023-03-05T11:08:27","date_gmt":"2023-03-18T12:12:51","guid":{"rendered":"https:\/\/mestra.migracionesbgweb.com\/producto\/balance-de-poche-de-precision\/"},"modified":"2023-07-03T10:48:05","modified_gmt":"2023-07-03T08:48:05","slug":"balance-de-poche-de-precision","status":"publish","type":"product","link":"https:\/\/mestraold.lleset.com\/fr\/produit\/balance-de-poche-de-precision\/","title":{"rendered":"Balance de poche de precision"},"content":{"rendered":"<p>Capacit\u00e9 de poids maximale: 500 g.  <\/p>\n<p>D\u2019une pr\u00e9cision de 0,05 g entre 0 et 200 g et de 0,1 g entre 0 et 500 g.  <\/p>\n<p>Id\u00e9ale pour peser les alliages et pour doser des mat\u00e9riaux co\u00fbteux.<\/p>\n","protected":false},"excerpt":{"rendered":"<p>Capacit\u00e9 de poids maximale: 500 g. D\u2019une pr\u00e9cision de 0,05 g entre 0 et 200 g et de 0,1 g entre 0 et 500 g. Id\u00e9ale pour peser les alliages et pour doser des mat\u00e9riaux co\u00fbteux.<\/p>\n","protected":false},"featured_media":19791,"template":"","meta":[],"product_cat":[202],"product_tag":[],"class_list":["post-55831","product","type-product","status-publish","has-post-thumbnail","hentry","product_cat-laboratoire"],"acf":[],"df_price":47.87,"df_sale_price":"","df_regular_price":47.87,"df_image_link":"https:\/\/mestraold.lleset.com\/wp-content\/uploads\/2021\/12\/1264-BALANZA-DE-PRECISION-DE-BOLSILLO-300x239.jpg","_links":{"self":[{"href":"https:\/\/mestraold.lleset.com\/fr\/wp-json\/wp\/v2\/product\/55831","targetHints":{"allow":["GET"]}}],"collection":[{"href":"https:\/\/mestraold.lleset.com\/fr\/wp-json\/wp\/v2\/product"}],"about":[{"href":"https:\/\/mestraold.lleset.com\/fr\/wp-json\/wp\/v2\/types\/product"}],"wp:featuredmedia":[{"embeddable":true,"href":"https:\/\/mestraold.lleset.com\/fr\/wp-json\/wp\/v2\/media\/19791"}],"wp:attachment":[{"href":"https:\/\/mestraold.lleset.com\/fr\/wp-json\/wp\/v2\/media?parent=55831"}],"wp:term":[{"taxonomy":"product_cat","embeddable":true,"href":"https:\/\/mestraold.lleset.com\/fr\/wp-json\/wp\/v2\/product_cat?post=55831"},{"taxonomy":"product_tag","embeddable":true,"href":"https:\/\/mestraold.lleset.com\/fr\/wp-json\/wp\/v2\/product_tag?post=55831"}],"curies":[{"name":"wp","href":"https:\/\/api.w.org\/{rel}","templated":true}]}}